{"id":893,"date":"2020-04-12T17:28:16","date_gmt":"2020-04-12T14:28:16","guid":{"rendered":"http:\/\/www.kizilirmakpeyzaj.com.tr\/?page_id=893"},"modified":"2023-09-26T23:59:30","modified_gmt":"2023-09-26T20:59:30","slug":"misyonumuz","status":"publish","type":"page","link":"https:\/\/www.kizilirmakpeyzaj.com.tr\/index.php\/misyonumuz\/","title":{"rendered":""},"content":{"rendered":"<p>[vc_row][vc_column width=&#8221;1\/2&#8243;][\/vc_column][vc_column width=&#8221;1\/2&#8243;][vc_column_text]<\/p>\r\n<p><strong>M\u0130SYONUMUZ<\/strong><\/p>\r\n<p>\u0130nsan\u0131 ve ya\u015fad\u0131\u011f\u0131 \u00e7evreyi \u00f6nceleyen\u00a0 \u015firketimiz ; Sanayile\u015fme ve kentle\u015fme s\u00fcrecinde \u00e7evreyi koruyan projeler \u00fcretmeye devam etmektedir.\u00a0 \u0130nsan i\u00e7in temiz \u00e7evre politikas\u0131 ile tasarlanan projeleri uygulamak suretiyle halk sa\u011fl\u0131\u011f\u0131na hizmet etmektedir. D\u00fcnyam\u0131z\u0131n t\u00fcm canl\u0131lar\u0131n birlikte ya\u015fad\u0131\u011f\u0131 bir ortam oldu\u011fu bilinci ile s\u00fcrd\u00fcr\u00fclebilir peyzaj, bitki bak\u0131m\u0131 ve \u00e7evre sa\u011fl\u0131\u011f\u0131 hizmeti vermektedir.<\/p>\r\n<!-- \/wp:paragraph -->\r\n<p><!-- wp:paragraph --><strong>V\u0130ZYONUMUZ<\/strong><\/p>\r\n<!-- \/wp:paragraph -->\r\n<p><!-- wp:paragraph -->D\u00fcnyada ve \u00fclkemizde h\u0131zla geli\u015fen peyzaj sekt\u00f6r\u00fcne Ar &#8211; Ge \u00e7al\u0131\u015fmalar\u0131 ile katk\u0131 vermeye devam edece\u011fiz. Hizmetlerimizi \u015firketimizin kurumsal kimli\u011fi ve \u00fclkemizin hedefleri ile birlikte s\u00fcrd\u00fcrmeye kararl\u0131y\u0131z. \u00c7\u00f6z\u00fcm ortaklar\u0131m\u0131zla birlikte yenilikleri ve de\u011fi\u015fimleri uygulama sahas\u0131nda insanlar\u0131n be\u011fenisine sunmaya, K\u00fclt\u00fcrel etik kurallar\u0131 \u00f6nceleyen, mimari ilkelere sad\u0131k kalan ve\u00a0 t\u00fcm canl\u0131lar i\u00e7in ya\u015fanabilir alanlar in\u015faa etmeye devam edece\u011fiz.<\/p>\r\n<p>[\/vc_column_text][\/vc_column][\/vc_row]<\/p>","protected":false},"excerpt":{"rendered":"<p>[vc_row][vc_column width=&#8221;1\/2&#8243;][\/vc_column][vc_column width=&#8221;1\/2&#8243;][vc_column_text] M\u0130SYONUMUZ \u0130nsan\u0131 ve ya\u015fad\u0131\u011f\u0131 \u00e7evreyi \u00f6nceleyen\u00a0 \u015firketimiz ; Sanayile\u015fme ve&hellip;<\/p>\n","protected":false},"author":1,"featured_media":0,"parent":0,"menu_order":0,"comment_status":"closed","ping_status":"closed","template":"","meta":{"footnotes":""},"class_list":["post-893","page","type-page","status-publish","hentry","no-thumb"],"_links":{"self":[{"href":"https:\/\/www.kizilirmakpeyzaj.com.tr\/index.php\/wp-json\/wp\/v2\/pages\/893","targetHints":{"allow":["GET"]}}],"collection":[{"href":"https:\/\/www.kizilirmakpeyzaj.com.tr\/index.php\/wp-json\/wp\/v2\/pages"}],"about":[{"href":"https:\/\/www.kizilirmakpeyzaj.com.tr\/index.php\/wp-json\/wp\/v2\/types\/page"}],"author":[{"embeddable":true,"href":"https:\/\/www.kizilirmakpeyzaj.com.tr\/index.php\/wp-json\/wp\/v2\/users\/1"}],"replies":[{"embeddable":true,"href":"https:\/\/www.kizilirmakpeyzaj.com.tr\/index.php\/wp-json\/wp\/v2\/comments?post=893"}],"version-history":[{"count":22,"href":"https:\/\/www.kizilirmakpeyzaj.com.tr\/index.php\/wp-json\/wp\/v2\/pages\/893\/revisions"}],"predecessor-version":[{"id":2215,"href":"https:\/\/www.kizilirmakpeyzaj.com.tr\/index.php\/wp-json\/wp\/v2\/pages\/893\/revisions\/2215"}],"wp:attachment":[{"href":"https:\/\/www.kizilirmakpeyzaj.com.tr\/index.php\/wp-json\/wp\/v2\/media?parent=893"}],"curies":[{"name":"wp","href":"https:\/\/api.w.org\/{rel}","templated":true}]}}