{"id":844,"date":"2020-04-11T20:07:44","date_gmt":"2020-04-11T17:07:44","guid":{"rendered":"http:\/\/www.kizilirmakpeyzaj.com.tr\/?page_id=844"},"modified":"2020-05-27T00:37:00","modified_gmt":"2020-05-26T21:37:00","slug":"bitki-uretimi","status":"publish","type":"page","link":"https:\/\/www.kizilirmakpeyzaj.com.tr\/index.php\/bitki-uretimi\/","title":{"rendered":"Bitki \u00dcretimi"},"content":{"rendered":"\n<p>K\u0131z\u0131l\u0131rmak S\u00fcs Bitkileri \u00fcr\u00fcn yelpazesi i\u00e7inde en fazla d\u0131\u015f mekan bitkilerine \u00f6nem vermi\u015f, gelecek planlamalar\u0131n\u0131 a\u011f\u0131rl\u0131kl\u0131 olarak bu konuya g\u00f6re yapm\u0131\u015ft\u0131r. Firmam\u0131z m\u00fc\u015fterilerinin ve \u00f6zelikle peyzaj sekt\u00f6r\u00fcn\u00fcn ihtiya\u00e7 duydu\u011fu, yak\u0131n zamana kadar yurt d\u0131\u015f\u0131ndan ithal olarak getirilen bir \u00e7ok bitkinin \u00fcretimini kendi sahalar\u0131nda yaparak; ekonomiye ve personel istihdam\u0131na katk\u0131 sa\u011flamaktad\u0131r.<\/p>\n\n\n\n<p>\u00dcretimler \u0130stanbul ve \u0130zmir \u00d6demi\u015fte \u00fcretim sahalar\u0131m\u0131zda yap\u0131lmaktad\u0131r.&nbsp;<\/p>\n","protected":false},"excerpt":{"rendered":"<p>K\u0131z\u0131l\u0131rmak S\u00fcs Bitkileri \u00fcr\u00fcn yelpazesi i\u00e7inde en fazla d\u0131\u015f mekan bitkilerine \u00f6nem vermi\u015f,&hellip;<\/p>\n","protected":false},"author":1,"featured_media":0,"parent":0,"menu_order":0,"comment_status":"closed","ping_status":"closed","template":"","meta":{"footnotes":""},"class_list":["post-844","page","type-page","status-publish","hentry","no-thumb"],"_links":{"self":[{"href":"https:\/\/www.kizilirmakpeyzaj.com.tr\/index.php\/wp-json\/wp\/v2\/pages\/844","targetHints":{"allow":["GET"]}}],"collection":[{"href":"https:\/\/www.kizilirmakpeyzaj.com.tr\/index.php\/wp-json\/wp\/v2\/pages"}],"about":[{"href":"https:\/\/www.kizilirmakpeyzaj.com.tr\/index.php\/wp-json\/wp\/v2\/types\/page"}],"author":[{"embeddable":true,"href":"https:\/\/www.kizilirmakpeyzaj.com.tr\/index.php\/wp-json\/wp\/v2\/users\/1"}],"replies":[{"embeddable":true,"href":"https:\/\/www.kizilirmakpeyzaj.com.tr\/index.php\/wp-json\/wp\/v2\/comments?post=844"}],"version-history":[{"count":4,"href":"https:\/\/www.kizilirmakpeyzaj.com.tr\/index.php\/wp-json\/wp\/v2\/pages\/844\/revisions"}],"predecessor-version":[{"id":2000,"href":"https:\/\/www.kizilirmakpeyzaj.com.tr\/index.php\/wp-json\/wp\/v2\/pages\/844\/revisions\/2000"}],"wp:attachment":[{"href":"https:\/\/www.kizilirmakpeyzaj.com.tr\/index.php\/wp-json\/wp\/v2\/media?parent=844"}],"curies":[{"name":"wp","href":"https:\/\/api.w.org\/{rel}","templated":true}]}}