{"id":73,"date":"2017-06-12T04:35:29","date_gmt":"2017-06-12T04:35:29","guid":{"rendered":"http:\/\/demo2.steelthemes.com\/gardenhub\/?page_id=73"},"modified":"2024-05-30T12:24:38","modified_gmt":"2024-05-30T09:24:38","slug":"contact","status":"publish","type":"page","link":"https:\/\/www.kizilirmakpeyzaj.com.tr\/index.php\/contact\/","title":{"rendered":"\u0130leti\u015fim"},"content":{"rendered":"<p>[vc_row css=&#8221;.vc_custom_1496648745757{padding-top: 70px !important;padding-bottom: 80px !important;}&#8221;][vc_column width=&#8221;1\/3&#8243;]<div class=\"fh-section-title clearfix  text-left style-2 version-dark\"><div class=\"container\"><h2>\u0130leti\u015fim <span class=\"main-color\">Bilgilerimiz<\/span><\/h2><\/div><\/div><div class=\"fh-section-title clearfix  text-left style-2 version-dark\"><div class=\"container\"><h2>Merkez<\/h2><\/div><\/div>[vc_row_inner css=&#8221;.vc_custom_1496648932484{padding-top: 40px !important;padding-bottom: 45px !important;}&#8221;][vc_column_inner]<div class=\"fh-contact-box  style-2\">\r\n\t\t\t\t\r\n                <div class=\"info\"><div class=\"info-item\"><span class=\"fh-icon\"><i class=\"flaticon-globe\"><\/i><\/span><div class=\"details\">\u00d6merli Mah. Kadirova Cad. No : 1\/2 \u00c7ekmek\u00f6y \/ \u0130STANBUL \/ T\u00dcRK\u0130YE<\/div><\/div><div class=\"info-item\"><span class=\"fh-icon\"><i class=\"flaticon-web\"><\/i><\/span><div class=\"details\">+90 216 515 38 01 info@kizilirmakgroup.com<\/div><\/div><div class=\"info-item\"><span class=\"fh-icon\"><i class=\"flaticon-phone-set\"><\/i><\/span><div class=\"details\">Whatsapp : +90 532 663 58 58<\/div><\/div><\/div>\r\n            <\/div>[\/vc_column_inner][\/vc_row_inner][vc_gmaps link=&#8221;#E-8_JTNDaWZyYW1lJTIwc3JjJTNEJTIyaHR0cHMlM0ElMkYlMkZ3d3cuZ29vZ2xlLmNvbSUyRm1hcHMlMkZlbWJlZCUzRnBiJTNEJTIxMW0xOCUyMTFtMTIlMjExbTMlMjExZDMwMDcuMTkxNTYwMTE5NjU3JTIxMmQyOS4zMjY2OTAzMTQ3NDIyNSUyMTNkNDEuMDg2NjYxMDIyNTQ3ODY1JTIxMm0zJTIxMWYwJTIxMmYwJTIxM2YwJTIxM20yJTIxMWkxMDI0JTIxMmk3NjglMjE0ZjEzLjElMjEzbTMlMjExbTIlMjExczB4NDA5ZmQ1ZmUxYjUwYTExOSUyNTNBMHgzZjM4Y2U3ZmNkODU3ZmIwJTIxMnp3NVp0WlhKc2FTQk5hQ3dnUzJGa2FYSnZkbUVnUTJRdUlFNXZPakV5TENBek5EYzVPU0REaDJWcmJXVnJ3N1o1TDhTd2MzUmhibUoxYkElMjE1ZTAlMjEzbTIlMjExc3RyJTIxMnN0ciUyMTR2MTY0MjYyMTMwNzgzOCUyMTVtMiUyMTFzdHIlMjEyc3RyJTIyJTIwd2lkdGglM0QlMjI2MDAlMjIlMjBoZWlnaHQlM0QlMjI0NTAlMjIlMjBzdHlsZSUzRCUyMmJvcmRlciUzQTAlM0IlMjIlMjBhbGxvd2Z1bGxzY3JlZW4lM0QlMjIlMjIlMjBsb2FkaW5nJTNEJTIybGF6eSUyMiUzRSUzQyUyRmlmcmFtZSUzRQ==&#8221;][\/vc_column][vc_column width=&#8221;1\/3&#8243;][vc_row_inner css=&#8221;.vc_custom_1496648932484{padding-top: 40px !important;padding-bottom: 45px !important;}&#8221;][vc_column_inner][\/vc_column_inner][\/vc_row_inner][\/vc_column][vc_column width=&#8221;1\/3&#8243;]<div class=\"fh-section-title clearfix  text-left style-2 version-dark\"><div class=\"container\"><h2>\u0130leti\u015fim <span class=\"main-color\">Bilgilerimiz<\/span><\/h2><\/div><\/div><div class=\"fh-section-title clearfix  text-left style-2 version-dark\"><div class=\"container\"><h2>Fidanl\u0131k<\/h2><\/div><\/div>[vc_row_inner css=&#8221;.vc_custom_1496648932484{padding-top: 40px !important;padding-bottom: 45px !important;}&#8221;][vc_column_inner]<div class=\"fh-contact-box  style-2\">\r\n\t\t\t\t\r\n                <div class=\"info\"><div class=\"info-item\"><span class=\"fh-icon\"><i class=\"flaticon-globe\"><\/i><\/span><div class=\"details\">\u00d6demi\u015f Yolu 1.Km (Ayakkab\u0131c\u0131lar Sanayi Yan\u0131) No : 47 \u00d6demi\u015f \/ \u0130zmir \/ T\u00dcRK\u0130YE<\/div><\/div><div class=\"info-item\"><span class=\"fh-icon\"><i class=\"flaticon-web\"><\/i><\/span><div class=\"details\">+90 216 999 15 69 info@kizilirmakpeyzaj.com<\/div><\/div><div class=\"info-item\"><span class=\"fh-icon\"><i class=\"flaticon-phone-set\"><\/i><\/span><div class=\"details\">Whatsapp : +90 532 663 58 58<\/div><\/div><\/div>\r\n            <\/div>[\/vc_column_inner][\/vc_row_inner][vc_gmaps link=&#8221;#E-8_JTNDaWZyYW1lJTIwc3JjJTNEJTIyaHR0cHMlM0ElMkYlMkZ3d3cuZ29vZ2xlLmNvbSUyRm1hcHMlMkZlbWJlZCUzRnBiJTNEJTIxMW0xOCUyMTFtMTIlMjExbTMlMjExZDUwMTQ0LjM2NDc3NTE0MDExJTIxMmQyNy45NDM2NzI4ODExNjcxMSUyMTNkMzguMjMyNTc4Mjk3NTQ1ODElMjEybTMlMjExZjAlMjEyZjAlMjEzZjAlMjEzbTIlMjExaTEwMjQlMjEyaTc2OCUyMTRmMTMuMSUyMTNtMyUyMTFtMiUyMTFzMHgxNGI4ZTMxZTlmNTJkYmI1JTI1M0EweDkxMWZiMGQzMjE1OTJhM2UlMjEyenc1WmtaVzFweFo4c0lNU3dlbTFwY2clMjE1ZTAlMjEzbTIlMjExc3RyJTIxMnN0ciUyMTR2MTU4NjYyNzI1MTYzOCUyMTVtMiUyMTFzdHIlMjEyc3RyJTIyJTIwd2lkdGglM0QlMjI2MDAlMjIlMjBoZWlnaHQlM0QlMjI0NTAlMjIlMjBmcmFtZWJvcmRlciUzRCUyMjAlMjIlMjBzdHlsZSUzRCUyMmJvcmRlciUzQTAlM0IlMjIlMjBhbGxvd2Z1bGxzY3JlZW4lM0QlMjIlMjIlMjBhcmlhLWhpZGRlbiUzRCUyMmZhbHNlJTIyJTIwdGFiaW5kZXglM0QlMjIwJTIyJTNFJTNDJTJGaWZyYW1lJTNF&#8221;][\/vc_column][\/vc_row][vc_row full_width=&#8221;stretch_row_content_no_spaces&#8221;][vc_column]Something went wrong while retrieving your map, please ensure you have entered the short code correctly.[\/vc_column][\/vc_row]<\/p>\n","protected":false},"excerpt":{"rendered":"<p>[vc_row css=&#8221;.vc_custom_1496648745757{padding-top: 70px !important;padding-bottom: 80px !important;}&#8221;][vc_column width=&#8221;1\/3&#8243;][vc_row_inner css=&#8221;.vc_custom_1496648932484{padding-top: 40px !important;padding-bottom: 45px !important;}&#8221;][vc_column_inner][\/vc_column_inner][\/vc_row_inner][vc_gmaps link=&#8221;#E-8_JTNDaWZyYW1lJTIwc3JjJTNEJTIyaHR0cHMlM0ElMkYlMkZ3d3cuZ29vZ2xlLmNvbSUyRm1hcHMlMkZlbWJlZCUzRnBiJTNEJTIxMW0xOCUyMTFtMTIlMjExbTMlMjExZDMwMDcuMTkxNTYwMTE5NjU3JTIxMmQyOS4zMjY2OTAzMTQ3NDIyNSUyMTNkNDEuMDg2NjYxMDIyNTQ3ODY1JTIxMm0zJTIxMWYwJTIxMmYwJTIxM2YwJTIxM20yJTIxMWkxMDI0JTIxMmk3NjglMjE0ZjEzLjElMjEzbTMlMjExbTIlMjExczB4NDA5ZmQ1ZmUxYjUwYTExOSUyNTNBMHgzZjM4Y2U3ZmNkODU3ZmIwJTIxMnp3NVp0WlhKc2FTQk5hQ3dnUzJGa2FYSnZkbUVnUTJRdUlFNXZPakV5TENBek5EYzVPU0REaDJWcmJXVnJ3N1o1TDhTd2MzUmhibUoxYkElMjE1ZTAlMjEzbTIlMjExc3RyJTIxMnN0ciUyMTR2MTY0MjYyMTMwNzgzOCUyMTVtMiUyMTFzdHIlMjEyc3RyJTIyJTIwd2lkdGglM0QlMjI2MDAlMjIlMjBoZWlnaHQlM0QlMjI0NTAlMjIlMjBzdHlsZSUzRCUyMmJvcmRlciUzQTAlM0IlMjIlMjBhbGxvd2Z1bGxzY3JlZW4lM0QlMjIlMjIlMjBsb2FkaW5nJTNEJTIybGF6eSUyMiUzRSUzQyUyRmlmcmFtZSUzRQ==&#8221;][\/vc_column][vc_column&hellip;<\/p>\n","protected":false},"author":1,"featured_media":0,"parent":0,"menu_order":0,"comment_status":"closed","ping_status":"closed","template":"template-fullwidth.php","meta":{"footnotes":""},"class_list":["post-73","page","type-page","status-publish","hentry","no-thumb"],"_links":{"self":[{"href":"https:\/\/www.kizilirmakpeyzaj.com.tr\/index.php\/wp-json\/wp\/v2\/pages\/73","targetHints":{"allow":["GET"]}}],"collection":[{"href":"https:\/\/www.kizilirmakpeyzaj.com.tr\/index.php\/wp-json\/wp\/v2\/pages"}],"about":[{"href":"https:\/\/www.kizilirmakpeyzaj.com.tr\/index.php\/wp-json\/wp\/v2\/types\/page"}],"author":[{"embeddable":true,"href":"https:\/\/www.kizilirmakpeyzaj.com.tr\/index.php\/wp-json\/wp\/v2\/users\/1"}],"replies":[{"embeddable":true,"href":"https:\/\/www.kizilirmakpeyzaj.com.tr\/index.php\/wp-json\/wp\/v2\/comments?post=73"}],"version-history":[{"count":18,"href":"https:\/\/www.kizilirmakpeyzaj.com.tr\/index.php\/wp-json\/wp\/v2\/pages\/73\/revisions"}],"predecessor-version":[{"id":2223,"href":"https:\/\/www.kizilirmakpeyzaj.com.tr\/index.php\/wp-json\/wp\/v2\/pages\/73\/revisions\/2223"}],"wp:attachment":[{"href":"https:\/\/www.kizilirmakpeyzaj.com.tr\/index.php\/wp-json\/wp\/v2\/media?parent=73"}],"curies":[{"name":"wp","href":"https:\/\/api.w.org\/{rel}","templated":true}]}}