{"id":1903,"date":"2020-05-13T22:04:46","date_gmt":"2020-05-13T19:04:46","guid":{"rendered":"https:\/\/www.kizilirmakpeyzaj.com.tr\/?page_id=1903"},"modified":"2020-05-13T22:05:41","modified_gmt":"2020-05-13T19:05:41","slug":"osmanthus-heterophyllus","status":"publish","type":"page","link":"https:\/\/www.kizilirmakpeyzaj.com.tr\/index.php\/osmanthus-heterophyllus\/","title":{"rendered":"Osmanthus Heterophyllus"},"content":{"rendered":"<p>[vc_row][vc_column width=&#8221;1\/4&#8243;][vc_wp_custommenu title=&#8221;D\u0131\u015f Mekan Bitkileri&#8221; nav_menu=&#8221;56&#8243;][\/vc_column][vc_column width=&#8221;3\/4&#8243;][vc_single_image image=&#8221;1904&#8243;][vc_text_separator title=&#8221;&#8221;][vc_column_text]Yaprak d\u00f6kmeyen ve 4-5 m kadar boylanabilen bitkilerdir.Yapraklar\u0131 sert ve biraz bat\u0131c\u0131d\u0131r.Yaz\u0131n sonuna do\u011fru a\u00e7maya ba\u015flayan beyaz renkli \u00e7i\u00e7ekler fazla belirgin olmasada muhte\u015fem ho\u015f kokar . Budanabilen bu bitkiler serbest b\u00fcy\u00fcse dahi fazla formlar\u0131n\u0131 bozmazlar ve g\u00fcne\u015f alan yerlerde yeti\u015firler.[\/vc_column_text][\/vc_column][\/vc_row]<\/p>\n","protected":false},"excerpt":{"rendered":"<p>[vc_row][vc_column width=&#8221;1\/4&#8243;][vc_wp_custommenu title=&#8221;D\u0131\u015f Mekan Bitkileri&#8221; nav_menu=&#8221;56&#8243;][\/vc_column][vc_column width=&#8221;3\/4&#8243;][vc_single_image image=&#8221;1904&#8243;][vc_text_separator title=&#8221;&#8221;][vc_column_text]Yaprak d\u00f6kmeyen ve 4-5 m&hellip;<\/p>\n","protected":false},"author":1,"featured_media":0,"parent":0,"menu_order":0,"comment_status":"closed","ping_status":"closed","template":"","meta":{"footnotes":""},"class_list":["post-1903","page","type-page","status-publish","hentry","no-thumb"],"_links":{"self":[{"href":"https:\/\/www.kizilirmakpeyzaj.com.tr\/index.php\/wp-json\/wp\/v2\/pages\/1903","targetHints":{"allow":["GET"]}}],"collection":[{"href":"https:\/\/www.kizilirmakpeyzaj.com.tr\/index.php\/wp-json\/wp\/v2\/pages"}],"about":[{"href":"https:\/\/www.kizilirmakpeyzaj.com.tr\/index.php\/wp-json\/wp\/v2\/types\/page"}],"author":[{"embeddable":true,"href":"https:\/\/www.kizilirmakpeyzaj.com.tr\/index.php\/wp-json\/wp\/v2\/users\/1"}],"replies":[{"embeddable":true,"href":"https:\/\/www.kizilirmakpeyzaj.com.tr\/index.php\/wp-json\/wp\/v2\/comments?post=1903"}],"version-history":[{"count":1,"href":"https:\/\/www.kizilirmakpeyzaj.com.tr\/index.php\/wp-json\/wp\/v2\/pages\/1903\/revisions"}],"predecessor-version":[{"id":1905,"href":"https:\/\/www.kizilirmakpeyzaj.com.tr\/index.php\/wp-json\/wp\/v2\/pages\/1903\/revisions\/1905"}],"wp:attachment":[{"href":"https:\/\/www.kizilirmakpeyzaj.com.tr\/index.php\/wp-json\/wp\/v2\/media?parent=1903"}],"curies":[{"name":"wp","href":"https:\/\/api.w.org\/{rel}","templated":true}]}}