{"id":1891,"date":"2020-04-30T19:27:12","date_gmt":"2020-04-30T16:27:12","guid":{"rendered":"https:\/\/www.kizilirmakpeyzaj.com.tr\/?page_id=1891"},"modified":"2020-04-30T19:27:48","modified_gmt":"2020-04-30T16:27:48","slug":"mahonia-aquifolium","status":"publish","type":"page","link":"https:\/\/www.kizilirmakpeyzaj.com.tr\/index.php\/mahonia-aquifolium\/","title":{"rendered":"Mahonia Aquifolium"},"content":{"rendered":"<p>[vc_row][vc_column width=&#8221;1\/4&#8243;][vc_wp_custommenu title=&#8221;D\u0131\u015f Mekan Bitkileri&#8221; nav_menu=&#8221;56&#8243;][\/vc_column][vc_column width=&#8221;3\/4&#8243;][vc_single_image image=&#8221;1892&#8243; onclick=&#8221;link_image&#8221;][vc_text_separator title=&#8221;&#8221;][vc_column_text]Herdemye\u015fil, g\u00fcne\u015f yar\u0131 g\u00f6lge alanlarda ya\u015fayabildi\u011fi gibi g\u00f6lgede de ya\u015fama yetene\u011fi vard\u0131r. Bu bitkiler orta h\u0131zda b\u00fcy\u00fcme yapar.1-1,5 metre boylanabilmektedir. Yapraklar, parlak ye\u015fil renkli kenarlar\u0131 i\u011fneli olup k\u0131\u015f\u0131n k\u0131rm\u0131z\u0131 renge b\u00fcr\u00fcn\u00fcr. Mart \u2013 Nisan gibi salk\u0131mlardaki sar\u0131 \u00e7i\u00e7ekleriyle ilgi \u00e7ekicidir. Bu \u00e7i\u00e7eklenmeyi siyah meyveler izler. Toprak konusunda \u00e7ok fazla iste\u011fi olmayan, budamaya dayan\u0131kl\u0131 bitkilerdir.[\/vc_column_text][\/vc_column][\/vc_row]<\/p>\n","protected":false},"excerpt":{"rendered":"<p>[vc_row][vc_column width=&#8221;1\/4&#8243;][vc_wp_custommenu title=&#8221;D\u0131\u015f Mekan Bitkileri&#8221; nav_menu=&#8221;56&#8243;][\/vc_column][vc_column width=&#8221;3\/4&#8243;][vc_single_image image=&#8221;1892&#8243; onclick=&#8221;link_image&#8221;][vc_text_separator title=&#8221;&#8221;][vc_column_text]Herdemye\u015fil, g\u00fcne\u015f yar\u0131 g\u00f6lge&hellip;<\/p>\n","protected":false},"author":1,"featured_media":0,"parent":0,"menu_order":0,"comment_status":"closed","ping_status":"closed","template":"","meta":{"footnotes":""},"class_list":["post-1891","page","type-page","status-publish","hentry","no-thumb"],"_links":{"self":[{"href":"https:\/\/www.kizilirmakpeyzaj.com.tr\/index.php\/wp-json\/wp\/v2\/pages\/1891","targetHints":{"allow":["GET"]}}],"collection":[{"href":"https:\/\/www.kizilirmakpeyzaj.com.tr\/index.php\/wp-json\/wp\/v2\/pages"}],"about":[{"href":"https:\/\/www.kizilirmakpeyzaj.com.tr\/index.php\/wp-json\/wp\/v2\/types\/page"}],"author":[{"embeddable":true,"href":"https:\/\/www.kizilirmakpeyzaj.com.tr\/index.php\/wp-json\/wp\/v2\/users\/1"}],"replies":[{"embeddable":true,"href":"https:\/\/www.kizilirmakpeyzaj.com.tr\/index.php\/wp-json\/wp\/v2\/comments?post=1891"}],"version-history":[{"count":1,"href":"https:\/\/www.kizilirmakpeyzaj.com.tr\/index.php\/wp-json\/wp\/v2\/pages\/1891\/revisions"}],"predecessor-version":[{"id":1893,"href":"https:\/\/www.kizilirmakpeyzaj.com.tr\/index.php\/wp-json\/wp\/v2\/pages\/1891\/revisions\/1893"}],"wp:attachment":[{"href":"https:\/\/www.kizilirmakpeyzaj.com.tr\/index.php\/wp-json\/wp\/v2\/media?parent=1891"}],"curies":[{"name":"wp","href":"https:\/\/api.w.org\/{rel}","templated":true}]}}