{"id":1855,"date":"2020-04-29T21:26:16","date_gmt":"2020-04-29T18:26:16","guid":{"rendered":"https:\/\/www.kizilirmakpeyzaj.com.tr\/?page_id=1855"},"modified":"2020-04-29T21:36:13","modified_gmt":"2020-04-29T18:36:13","slug":"grevillea-rosmarinifolia","status":"publish","type":"page","link":"https:\/\/www.kizilirmakpeyzaj.com.tr\/index.php\/grevillea-rosmarinifolia\/","title":{"rendered":"Grevillea Rosmarinifolia"},"content":{"rendered":"<p>[vc_row][vc_column width=&#8221;1\/4&#8243;][vc_wp_custommenu title=&#8221;D\u0131\u015f Mekan Bitkileri&#8221; nav_menu=&#8221;56&#8243;][\/vc_column][vc_column width=&#8221;3\/4&#8243;][vc_single_image image=&#8221;1856&#8243; onclick=&#8221;link_image&#8221;][vc_text_separator title=&#8221;&#8221;][vc_column_text]Herdemye\u015fil \u00e7al\u0131lard\u0131r. Il\u0131man ve nemli b\u00f6lgeler istedikleri ortamlard\u0131r. 0,5-1,5 metre boy yapabilmektedirler. G\u00fcne\u015fli alanlarda b\u00fcy\u00fcr. Yapraklar\u0131 i\u011fneli, bat\u0131c\u0131d\u0131r. \u0130breleri \u00fczerinde k\u0131\u015f sonundan yaz ba\u015f\u0131na kadar pembe renkte \u00e7i\u00e7ekleri ilgi \u00e7ekicidir. Denize \u00e7ok diren\u00e7li, asitli veya n\u00f6tr topraklar\u0131 isterler.[\/vc_column_text][\/vc_column][\/vc_row]<\/p>\n","protected":false},"excerpt":{"rendered":"<p>[vc_row][vc_column width=&#8221;1\/4&#8243;][vc_wp_custommenu title=&#8221;D\u0131\u015f Mekan Bitkileri&#8221; nav_menu=&#8221;56&#8243;][\/vc_column][vc_column width=&#8221;3\/4&#8243;][vc_single_image image=&#8221;1856&#8243; onclick=&#8221;link_image&#8221;][vc_text_separator title=&#8221;&#8221;][vc_column_text]Herdemye\u015fil \u00e7al\u0131lard\u0131r. Il\u0131man ve&hellip;<\/p>\n","protected":false},"author":1,"featured_media":0,"parent":0,"menu_order":0,"comment_status":"closed","ping_status":"closed","template":"","meta":{"footnotes":""},"class_list":["post-1855","page","type-page","status-publish","hentry","no-thumb"],"_links":{"self":[{"href":"https:\/\/www.kizilirmakpeyzaj.com.tr\/index.php\/wp-json\/wp\/v2\/pages\/1855","targetHints":{"allow":["GET"]}}],"collection":[{"href":"https:\/\/www.kizilirmakpeyzaj.com.tr\/index.php\/wp-json\/wp\/v2\/pages"}],"about":[{"href":"https:\/\/www.kizilirmakpeyzaj.com.tr\/index.php\/wp-json\/wp\/v2\/types\/page"}],"author":[{"embeddable":true,"href":"https:\/\/www.kizilirmakpeyzaj.com.tr\/index.php\/wp-json\/wp\/v2\/users\/1"}],"replies":[{"embeddable":true,"href":"https:\/\/www.kizilirmakpeyzaj.com.tr\/index.php\/wp-json\/wp\/v2\/comments?post=1855"}],"version-history":[{"count":1,"href":"https:\/\/www.kizilirmakpeyzaj.com.tr\/index.php\/wp-json\/wp\/v2\/pages\/1855\/revisions"}],"predecessor-version":[{"id":1857,"href":"https:\/\/www.kizilirmakpeyzaj.com.tr\/index.php\/wp-json\/wp\/v2\/pages\/1855\/revisions\/1857"}],"wp:attachment":[{"href":"https:\/\/www.kizilirmakpeyzaj.com.tr\/index.php\/wp-json\/wp\/v2\/media?parent=1855"}],"curies":[{"name":"wp","href":"https:\/\/api.w.org\/{rel}","templated":true}]}}