{"id":1851,"date":"2020-04-29T21:19:43","date_gmt":"2020-04-29T18:19:43","guid":{"rendered":"https:\/\/www.kizilirmakpeyzaj.com.tr\/?page_id=1851"},"modified":"2020-04-29T21:21:18","modified_gmt":"2020-04-29T18:21:18","slug":"forsythia-x-intermedia","status":"publish","type":"page","link":"https:\/\/www.kizilirmakpeyzaj.com.tr\/index.php\/forsythia-x-intermedia\/","title":{"rendered":"Forsythia X \u0130ntermedia"},"content":{"rendered":"<p>[vc_row][vc_column width=&#8221;1\/4&#8243;][vc_wp_custommenu title=&#8221;D\u0131\u015f Mekan Bitkileri&#8221; nav_menu=&#8221;56&#8243;][\/vc_column][vc_column width=&#8221;3\/4&#8243;][vc_single_image image=&#8221;1852&#8243; onclick=&#8221;link_image&#8221;][vc_text_separator title=&#8221;&#8221;][vc_column_text]K\u0131\u015f\u0131n yaprak d\u00f6ken, 2,5-3 metre boy yapan kompakt formlu bir bitkidir. Alt\u0131n sar\u0131s\u0131 \u00e7i\u00e7ekleri Mart ay\u0131nda yapraklanmadan \u00f6nce dallar \u00fczerinde belirmeye ba\u015flar. Bol g\u00fcne\u015fli yerleri severler. Her t\u00fcrl\u00fc toprakta yeti\u015febilirler.[\/vc_column_text][\/vc_column][\/vc_row]<\/p>\n","protected":false},"excerpt":{"rendered":"<p>[vc_row][vc_column width=&#8221;1\/4&#8243;][vc_wp_custommenu title=&#8221;D\u0131\u015f Mekan Bitkileri&#8221; nav_menu=&#8221;56&#8243;][\/vc_column][vc_column width=&#8221;3\/4&#8243;][vc_single_image image=&#8221;1852&#8243; onclick=&#8221;link_image&#8221;][vc_text_separator title=&#8221;&#8221;][vc_column_text]K\u0131\u015f\u0131n yaprak d\u00f6ken, 2,5-3&hellip;<\/p>\n","protected":false},"author":1,"featured_media":0,"parent":0,"menu_order":0,"comment_status":"closed","ping_status":"closed","template":"","meta":{"footnotes":""},"class_list":["post-1851","page","type-page","status-publish","hentry","no-thumb"],"_links":{"self":[{"href":"https:\/\/www.kizilirmakpeyzaj.com.tr\/index.php\/wp-json\/wp\/v2\/pages\/1851","targetHints":{"allow":["GET"]}}],"collection":[{"href":"https:\/\/www.kizilirmakpeyzaj.com.tr\/index.php\/wp-json\/wp\/v2\/pages"}],"about":[{"href":"https:\/\/www.kizilirmakpeyzaj.com.tr\/index.php\/wp-json\/wp\/v2\/types\/page"}],"author":[{"embeddable":true,"href":"https:\/\/www.kizilirmakpeyzaj.com.tr\/index.php\/wp-json\/wp\/v2\/users\/1"}],"replies":[{"embeddable":true,"href":"https:\/\/www.kizilirmakpeyzaj.com.tr\/index.php\/wp-json\/wp\/v2\/comments?post=1851"}],"version-history":[{"count":1,"href":"https:\/\/www.kizilirmakpeyzaj.com.tr\/index.php\/wp-json\/wp\/v2\/pages\/1851\/revisions"}],"predecessor-version":[{"id":1853,"href":"https:\/\/www.kizilirmakpeyzaj.com.tr\/index.php\/wp-json\/wp\/v2\/pages\/1851\/revisions\/1853"}],"wp:attachment":[{"href":"https:\/\/www.kizilirmakpeyzaj.com.tr\/index.php\/wp-json\/wp\/v2\/media?parent=1851"}],"curies":[{"name":"wp","href":"https:\/\/api.w.org\/{rel}","templated":true}]}}