{"id":1810,"date":"2020-04-27T22:47:35","date_gmt":"2020-04-27T19:47:35","guid":{"rendered":"https:\/\/www.kizilirmakpeyzaj.com.tr\/?page_id=1810"},"modified":"2020-04-27T22:48:56","modified_gmt":"2020-04-27T19:48:56","slug":"cotinus-coggyria-royal-purple","status":"publish","type":"page","link":"https:\/\/www.kizilirmakpeyzaj.com.tr\/index.php\/cotinus-coggyria-royal-purple\/","title":{"rendered":"Cotinus Coggyria &#8220;Royal Purple&#8221;"},"content":{"rendered":"<p>[vc_row][vc_column width=&#8221;1\/4&#8243;][vc_wp_custommenu title=&#8221;D\u0131\u015f Mekan Bitkileri&#8221; nav_menu=&#8221;56&#8243;][\/vc_column][vc_column width=&#8221;3\/4&#8243;][vc_single_image image=&#8221;1811&#8243;][vc_text_separator title=&#8221;&#8221;][vc_column_text]4-5 metre boy yapan ve k\u0131\u015f\u0131n yaprak d\u00f6ken bitkilerdir. K\u0131rm\u0131z\u0131 bordro renkli yapraklar\u0131 ve mor k\u0131rm\u0131z\u0131 \u00e7i\u00e7ekleri duman gibi g\u00f6r\u00fcn\u00fcr.Kuru ve topraklardan ho\u015flan\u0131rlar.[\/vc_column_text][\/vc_column][\/vc_row]<\/p>\n","protected":false},"excerpt":{"rendered":"<p>[vc_row][vc_column width=&#8221;1\/4&#8243;][vc_wp_custommenu title=&#8221;D\u0131\u015f Mekan Bitkileri&#8221; nav_menu=&#8221;56&#8243;][\/vc_column][vc_column width=&#8221;3\/4&#8243;][vc_single_image image=&#8221;1811&#8243;][vc_text_separator title=&#8221;&#8221;][vc_column_text]4-5 metre boy yapan ve&hellip;<\/p>\n","protected":false},"author":1,"featured_media":0,"parent":0,"menu_order":0,"comment_status":"closed","ping_status":"closed","template":"","meta":{"footnotes":""},"class_list":["post-1810","page","type-page","status-publish","hentry","no-thumb"],"_links":{"self":[{"href":"https:\/\/www.kizilirmakpeyzaj.com.tr\/index.php\/wp-json\/wp\/v2\/pages\/1810","targetHints":{"allow":["GET"]}}],"collection":[{"href":"https:\/\/www.kizilirmakpeyzaj.com.tr\/index.php\/wp-json\/wp\/v2\/pages"}],"about":[{"href":"https:\/\/www.kizilirmakpeyzaj.com.tr\/index.php\/wp-json\/wp\/v2\/types\/page"}],"author":[{"embeddable":true,"href":"https:\/\/www.kizilirmakpeyzaj.com.tr\/index.php\/wp-json\/wp\/v2\/users\/1"}],"replies":[{"embeddable":true,"href":"https:\/\/www.kizilirmakpeyzaj.com.tr\/index.php\/wp-json\/wp\/v2\/comments?post=1810"}],"version-history":[{"count":1,"href":"https:\/\/www.kizilirmakpeyzaj.com.tr\/index.php\/wp-json\/wp\/v2\/pages\/1810\/revisions"}],"predecessor-version":[{"id":1812,"href":"https:\/\/www.kizilirmakpeyzaj.com.tr\/index.php\/wp-json\/wp\/v2\/pages\/1810\/revisions\/1812"}],"wp:attachment":[{"href":"https:\/\/www.kizilirmakpeyzaj.com.tr\/index.php\/wp-json\/wp\/v2\/media?parent=1810"}],"curies":[{"name":"wp","href":"https:\/\/api.w.org\/{rel}","templated":true}]}}