{"id":1798,"date":"2020-04-27T18:49:11","date_gmt":"2020-04-27T15:49:11","guid":{"rendered":"https:\/\/www.kizilirmakpeyzaj.com.tr\/?page_id=1798"},"modified":"2020-04-27T18:50:05","modified_gmt":"2020-04-27T15:50:05","slug":"clerodendron-trichotomum","status":"publish","type":"page","link":"https:\/\/www.kizilirmakpeyzaj.com.tr\/index.php\/clerodendron-trichotomum\/","title":{"rendered":"Clerodendron Trichotomum"},"content":{"rendered":"<p>[vc_row][vc_column width=&#8221;1\/4&#8243;][vc_wp_custommenu title=&#8221;D\u0131\u015f Mekan Bitkileri&#8221; nav_menu=&#8221;56&#8243;][\/vc_column][vc_column width=&#8221;3\/4&#8243;][vc_single_image image=&#8221;1799&#8243;][vc_text_separator title=&#8221;&#8221;][vc_column_text]Dik duru\u015flu, 2,5-3 metre boy yapabilen bir bitkidir. A\u011fustos ay\u0131nda a\u00e7maya ba\u015flayan \u00e7i\u00e7ekleri Eyl\u00fcl ay\u0131 sonuna kadar bitki \u00fczerinde kal\u0131r. \u00c7i\u00e7ekleri beyaz ve kokuludur. Ekim ay\u0131ndan itibaren beyaz \u00e7i\u00e7ekler, kenarlar\u0131 pembe yaprakl\u0131 siyah meyvelere d\u00f6nmeye ba\u015flarlar. Bol g\u00fcne\u015fli yerleri seven k\u0131smet \u00e7i\u00e7ekleri so\u011fuktan ho\u015flanmazlar.[\/vc_column_text][\/vc_column][\/vc_row]<\/p>\n","protected":false},"excerpt":{"rendered":"<p>[vc_row][vc_column width=&#8221;1\/4&#8243;][vc_wp_custommenu title=&#8221;D\u0131\u015f Mekan Bitkileri&#8221; nav_menu=&#8221;56&#8243;][\/vc_column][vc_column width=&#8221;3\/4&#8243;][vc_single_image image=&#8221;1799&#8243;][vc_text_separator title=&#8221;&#8221;][vc_column_text]Dik duru\u015flu, 2,5-3 metre boy&hellip;<\/p>\n","protected":false},"author":1,"featured_media":0,"parent":0,"menu_order":0,"comment_status":"closed","ping_status":"closed","template":"","meta":{"footnotes":""},"class_list":["post-1798","page","type-page","status-publish","hentry","no-thumb"],"_links":{"self":[{"href":"https:\/\/www.kizilirmakpeyzaj.com.tr\/index.php\/wp-json\/wp\/v2\/pages\/1798","targetHints":{"allow":["GET"]}}],"collection":[{"href":"https:\/\/www.kizilirmakpeyzaj.com.tr\/index.php\/wp-json\/wp\/v2\/pages"}],"about":[{"href":"https:\/\/www.kizilirmakpeyzaj.com.tr\/index.php\/wp-json\/wp\/v2\/types\/page"}],"author":[{"embeddable":true,"href":"https:\/\/www.kizilirmakpeyzaj.com.tr\/index.php\/wp-json\/wp\/v2\/users\/1"}],"replies":[{"embeddable":true,"href":"https:\/\/www.kizilirmakpeyzaj.com.tr\/index.php\/wp-json\/wp\/v2\/comments?post=1798"}],"version-history":[{"count":1,"href":"https:\/\/www.kizilirmakpeyzaj.com.tr\/index.php\/wp-json\/wp\/v2\/pages\/1798\/revisions"}],"predecessor-version":[{"id":1800,"href":"https:\/\/www.kizilirmakpeyzaj.com.tr\/index.php\/wp-json\/wp\/v2\/pages\/1798\/revisions\/1800"}],"wp:attachment":[{"href":"https:\/\/www.kizilirmakpeyzaj.com.tr\/index.php\/wp-json\/wp\/v2\/media?parent=1798"}],"curies":[{"name":"wp","href":"https:\/\/api.w.org\/{rel}","templated":true}]}}