{"id":1780,"date":"2020-04-26T22:40:43","date_gmt":"2020-04-26T19:40:43","guid":{"rendered":"https:\/\/www.kizilirmakpeyzaj.com.tr\/?page_id=1780"},"modified":"2020-04-26T22:41:30","modified_gmt":"2020-04-26T19:41:30","slug":"ceanothus-thyrsiflorus-victoria","status":"publish","type":"page","link":"https:\/\/www.kizilirmakpeyzaj.com.tr\/index.php\/ceanothus-thyrsiflorus-victoria\/","title":{"rendered":"Ceanothus Thyrsiflorus &#8216;Victoria&#8217;"},"content":{"rendered":"<p>[vc_row][vc_column width=&#8221;1\/4&#8243;][vc_wp_custommenu title=&#8221;D\u0131\u015f Mekan Bitkileri&#8221; nav_menu=&#8221;56&#8243;][\/vc_column][vc_column width=&#8221;3\/4&#8243;][vc_single_image image=&#8221;1781&#8243; onclick=&#8221;link_image&#8221;][vc_text_separator title=&#8221;&#8221;][vc_column_text]K\u00fc\u00e7\u00fck parlak yapraklar\u0131 yaz k\u0131\u015f \u00fczerinde olan bu bitki may\u0131s aylar\u0131nda a\u00e7maya ba\u015flayan mavi \u00e7i\u00e7ekleriyle g\u00f6z al\u0131c\u0131d\u0131r .Olduk\u00e7a h\u0131zl\u0131 b\u00fcy\u00fcyen bu bitkiler g\u00fcne\u015fli ve yar\u0131 g\u00f6lge yerlerden ho\u015flan\u0131rlar.Dik b\u00fcy\u00fcyen bu bitkiler \u00e7it yap\u0131m\u0131nda ho\u015f g\u00f6r\u00fcnt\u00fcler verirler.[\/vc_column_text][\/vc_column][\/vc_row]<\/p>\n","protected":false},"excerpt":{"rendered":"<p>[vc_row][vc_column width=&#8221;1\/4&#8243;][vc_wp_custommenu title=&#8221;D\u0131\u015f Mekan Bitkileri&#8221; nav_menu=&#8221;56&#8243;][\/vc_column][vc_column width=&#8221;3\/4&#8243;][vc_single_image image=&#8221;1781&#8243; onclick=&#8221;link_image&#8221;][vc_text_separator title=&#8221;&#8221;][vc_column_text]K\u00fc\u00e7\u00fck parlak yapraklar\u0131 yaz&hellip;<\/p>\n","protected":false},"author":1,"featured_media":0,"parent":0,"menu_order":0,"comment_status":"closed","ping_status":"closed","template":"","meta":{"footnotes":""},"class_list":["post-1780","page","type-page","status-publish","hentry","no-thumb"],"_links":{"self":[{"href":"https:\/\/www.kizilirmakpeyzaj.com.tr\/index.php\/wp-json\/wp\/v2\/pages\/1780","targetHints":{"allow":["GET"]}}],"collection":[{"href":"https:\/\/www.kizilirmakpeyzaj.com.tr\/index.php\/wp-json\/wp\/v2\/pages"}],"about":[{"href":"https:\/\/www.kizilirmakpeyzaj.com.tr\/index.php\/wp-json\/wp\/v2\/types\/page"}],"author":[{"embeddable":true,"href":"https:\/\/www.kizilirmakpeyzaj.com.tr\/index.php\/wp-json\/wp\/v2\/users\/1"}],"replies":[{"embeddable":true,"href":"https:\/\/www.kizilirmakpeyzaj.com.tr\/index.php\/wp-json\/wp\/v2\/comments?post=1780"}],"version-history":[{"count":1,"href":"https:\/\/www.kizilirmakpeyzaj.com.tr\/index.php\/wp-json\/wp\/v2\/pages\/1780\/revisions"}],"predecessor-version":[{"id":1782,"href":"https:\/\/www.kizilirmakpeyzaj.com.tr\/index.php\/wp-json\/wp\/v2\/pages\/1780\/revisions\/1782"}],"wp:attachment":[{"href":"https:\/\/www.kizilirmakpeyzaj.com.tr\/index.php\/wp-json\/wp\/v2\/media?parent=1780"}],"curies":[{"name":"wp","href":"https:\/\/api.w.org\/{rel}","templated":true}]}}