{"id":1739,"date":"2020-04-26T15:21:14","date_gmt":"2020-04-26T12:21:14","guid":{"rendered":"https:\/\/www.kizilirmakpeyzaj.com.tr\/?page_id=1739"},"modified":"2020-04-26T18:05:46","modified_gmt":"2020-04-26T15:05:46","slug":"bambusa-aurea","status":"publish","type":"page","link":"https:\/\/www.kizilirmakpeyzaj.com.tr\/index.php\/bambusa-aurea\/","title":{"rendered":"Bambusa Aurea"},"content":{"rendered":"<p>[vc_row][vc_column width=&#8221;1\/4&#8243;][vc_wp_custommenu title=&#8221;D\u0131\u015f Mekan Bitkileri&#8221; nav_menu=&#8221;56&#8243;][\/vc_column][vc_column width=&#8221;3\/4&#8243;][vc_single_image image=&#8221;1740&#8243; onclick=&#8221;link_image&#8221;][vc_text_separator title=&#8221;&#8221;][vc_column_text][\/vc_column_text][vc_column_text]H\u0131zl\u0131 b\u00fcy\u00fcyen ve 8-10 metre kadar boy yapan bir bitkidir. Yapraklar zaman zaman d\u00f6k\u00fclse de genelde yo\u011fun yaprakl\u0131d\u0131rlar. Yapraklar\u0131, dallar \u00fczerinde yo\u011funlu\u011fu en fazla olan bambu t\u00fcr\u00fcd\u00fcr. Bol g\u00fcne\u015fli yerlerde iyi geli\u015fim g\u00f6sterseler de, g\u00f6lge yerlerde de ya\u015farlar. Genelde peyzaj \u00e7al\u0131\u015fmalar\u0131nda \u00e7it ama\u00e7l\u0131 kullan\u0131l\u0131rlar.[\/vc_column_text][\/vc_column][\/vc_row]<\/p>\n","protected":false},"excerpt":{"rendered":"<p>[vc_row][vc_column width=&#8221;1\/4&#8243;][vc_wp_custommenu title=&#8221;D\u0131\u015f Mekan Bitkileri&#8221; nav_menu=&#8221;56&#8243;][\/vc_column][vc_column width=&#8221;3\/4&#8243;][vc_single_image image=&#8221;1740&#8243; onclick=&#8221;link_image&#8221;][vc_text_separator title=&#8221;&#8221;][vc_column_text][\/vc_column_text][vc_column_text]H\u0131zl\u0131 b\u00fcy\u00fcyen ve 8-10&hellip;<\/p>\n","protected":false},"author":1,"featured_media":0,"parent":0,"menu_order":0,"comment_status":"closed","ping_status":"closed","template":"","meta":{"footnotes":""},"class_list":["post-1739","page","type-page","status-publish","hentry","no-thumb"],"_links":{"self":[{"href":"https:\/\/www.kizilirmakpeyzaj.com.tr\/index.php\/wp-json\/wp\/v2\/pages\/1739","targetHints":{"allow":["GET"]}}],"collection":[{"href":"https:\/\/www.kizilirmakpeyzaj.com.tr\/index.php\/wp-json\/wp\/v2\/pages"}],"about":[{"href":"https:\/\/www.kizilirmakpeyzaj.com.tr\/index.php\/wp-json\/wp\/v2\/types\/page"}],"author":[{"embeddable":true,"href":"https:\/\/www.kizilirmakpeyzaj.com.tr\/index.php\/wp-json\/wp\/v2\/users\/1"}],"replies":[{"embeddable":true,"href":"https:\/\/www.kizilirmakpeyzaj.com.tr\/index.php\/wp-json\/wp\/v2\/comments?post=1739"}],"version-history":[{"count":1,"href":"https:\/\/www.kizilirmakpeyzaj.com.tr\/index.php\/wp-json\/wp\/v2\/pages\/1739\/revisions"}],"predecessor-version":[{"id":1741,"href":"https:\/\/www.kizilirmakpeyzaj.com.tr\/index.php\/wp-json\/wp\/v2\/pages\/1739\/revisions\/1741"}],"wp:attachment":[{"href":"https:\/\/www.kizilirmakpeyzaj.com.tr\/index.php\/wp-json\/wp\/v2\/media?parent=1739"}],"curies":[{"name":"wp","href":"https:\/\/api.w.org\/{rel}","templated":true}]}}