{"id":1717,"date":"2020-04-21T22:16:54","date_gmt":"2020-04-21T19:16:54","guid":{"rendered":"http:\/\/www.kizilirmakpeyzaj.com.tr\/?page_id=1717"},"modified":"2020-04-21T22:16:54","modified_gmt":"2020-04-21T19:16:54","slug":"andromeda-polifolia-blue","status":"publish","type":"page","link":"https:\/\/www.kizilirmakpeyzaj.com.tr\/index.php\/andromeda-polifolia-blue\/","title":{"rendered":"Andromeda Polifolia \u2018Blue\u2019"},"content":{"rendered":"<p>[vc_row][vc_column width=&#8221;1\/4&#8243;][vc_wp_custommenu title=&#8221;D\u0131\u015f Mekan Bitkileri&#8221; nav_menu=&#8221;56&#8243;][\/vc_column][vc_column width=&#8221;3\/4&#8243;][vc_single_image image=&#8221;1718&#8243; onclick=&#8221;link_image&#8221;][vc_text_separator title=&#8221;&#8221;][vc_column_text]Yaprak d\u00f6kmeyen \u00e7al\u0131 grubu bitkilerdir. Kompakt formda olan bu bitkiler 40-50 cm boy yapabilirler. Baharda g\u00fcm\u00fc\u015fi-gri yapraklar\u0131 \u00fczerinde a\u00e7an pembe \u00e7i\u00e7ekleri olduk\u00e7a dikkat \u00e7ekicidir. Hafif asidik topraklarda ve g\u00fcne\u015fli yerlerde iyi geli\u015fim g\u00f6sterirler.[\/vc_column_text][\/vc_column][\/vc_row]<\/p>\n","protected":false},"excerpt":{"rendered":"<p>[vc_row][vc_column width=&#8221;1\/4&#8243;][vc_wp_custommenu title=&#8221;D\u0131\u015f Mekan Bitkileri&#8221; nav_menu=&#8221;56&#8243;][\/vc_column][vc_column width=&#8221;3\/4&#8243;][vc_single_image image=&#8221;1718&#8243; onclick=&#8221;link_image&#8221;][vc_text_separator title=&#8221;&#8221;][vc_column_text]Yaprak d\u00f6kmeyen \u00e7al\u0131 grubu&hellip;<\/p>\n","protected":false},"author":1,"featured_media":0,"parent":0,"menu_order":0,"comment_status":"closed","ping_status":"closed","template":"","meta":{"footnotes":""},"class_list":["post-1717","page","type-page","status-publish","hentry","no-thumb"],"_links":{"self":[{"href":"https:\/\/www.kizilirmakpeyzaj.com.tr\/index.php\/wp-json\/wp\/v2\/pages\/1717","targetHints":{"allow":["GET"]}}],"collection":[{"href":"https:\/\/www.kizilirmakpeyzaj.com.tr\/index.php\/wp-json\/wp\/v2\/pages"}],"about":[{"href":"https:\/\/www.kizilirmakpeyzaj.com.tr\/index.php\/wp-json\/wp\/v2\/types\/page"}],"author":[{"embeddable":true,"href":"https:\/\/www.kizilirmakpeyzaj.com.tr\/index.php\/wp-json\/wp\/v2\/users\/1"}],"replies":[{"embeddable":true,"href":"https:\/\/www.kizilirmakpeyzaj.com.tr\/index.php\/wp-json\/wp\/v2\/comments?post=1717"}],"version-history":[{"count":1,"href":"https:\/\/www.kizilirmakpeyzaj.com.tr\/index.php\/wp-json\/wp\/v2\/pages\/1717\/revisions"}],"predecessor-version":[{"id":1719,"href":"https:\/\/www.kizilirmakpeyzaj.com.tr\/index.php\/wp-json\/wp\/v2\/pages\/1717\/revisions\/1719"}],"wp:attachment":[{"href":"https:\/\/www.kizilirmakpeyzaj.com.tr\/index.php\/wp-json\/wp\/v2\/media?parent=1717"}],"curies":[{"name":"wp","href":"https:\/\/api.w.org\/{rel}","templated":true}]}}