{"id":1471,"date":"2020-04-17T23:37:05","date_gmt":"2020-04-17T20:37:05","guid":{"rendered":"http:\/\/www.kizilirmakpeyzaj.com.tr\/?page_id=1471"},"modified":"2020-06-17T00:20:04","modified_gmt":"2020-06-16T21:20:04","slug":"tirmanici-sarkici","status":"publish","type":"page","link":"https:\/\/www.kizilirmakpeyzaj.com.tr\/index.php\/tirmanici-sarkici\/","title":{"rendered":"T\u0131rman\u0131c\u0131 &#8211; Sark\u0131c\u0131"},"content":{"rendered":"<p>[vc_row][vc_column width=&#8221;1\/6&#8243;][vc_column_text]<\/p>\n<div id=\"attachment_1472\" style=\"width: 140px\" class=\"wp-caption alignnone\"><a href=\"http:\/\/www.kizilirmakpeyzaj.com.tr\/wp-content\/uploads\/2020\/04\/Aeschynanthus-lobbianus.png\"><img loading=\"lazy\" decoding=\"async\" aria-describedby=\"caption-attachment-1472\" class=\"size-full wp-image-1472\" src=\"http:\/\/www.kizilirmakpeyzaj.com.tr\/wp-content\/uploads\/2020\/04\/Aeschynanthus-lobbianus.png\" alt=\"\" width=\"130\" height=\"130\" srcset=\"https:\/\/www.kizilirmakpeyzaj.com.tr\/wp-content\/uploads\/2020\/04\/Aeschynanthus-lobbianus.png 130w, https:\/\/www.kizilirmakpeyzaj.com.tr\/wp-content\/uploads\/2020\/04\/Aeschynanthus-lobbianus-75x75.png 75w, https:\/\/www.kizilirmakpeyzaj.com.tr\/wp-content\/uploads\/2020\/04\/Aeschynanthus-lobbianus-80x80.png 80w, https:\/\/www.kizilirmakpeyzaj.com.tr\/wp-content\/uploads\/2020\/04\/Aeschynanthus-lobbianus-100x100.png 100w\" sizes=\"auto, (max-width: 130px) 100vw, 130px\" \/><\/a><p id=\"caption-attachment-1472\" class=\"wp-caption-text\">Aeschynanthus Lobbianus<\/p><\/div>\n<p>[\/vc_column_text][\/vc_column][vc_column width=&#8221;1\/6&#8243;][vc_column_text]<\/p>\n<div id=\"attachment_1473\" style=\"width: 140px\" class=\"wp-caption alignnone\"><a href=\"http:\/\/www.kizilirmakpeyzaj.com.tr\/wp-content\/uploads\/2020\/04\/Ceropegia-woodi-ssp.png\"><img loading=\"lazy\" decoding=\"async\" aria-describedby=\"caption-attachment-1473\" class=\"size-full wp-image-1473\" src=\"http:\/\/www.kizilirmakpeyzaj.com.tr\/wp-content\/uploads\/2020\/04\/Ceropegia-woodi-ssp.png\" alt=\"\" width=\"130\" height=\"130\" srcset=\"https:\/\/www.kizilirmakpeyzaj.com.tr\/wp-content\/uploads\/2020\/04\/Ceropegia-woodi-ssp.png 130w, https:\/\/www.kizilirmakpeyzaj.com.tr\/wp-content\/uploads\/2020\/04\/Ceropegia-woodi-ssp-75x75.png 75w, https:\/\/www.kizilirmakpeyzaj.com.tr\/wp-content\/uploads\/2020\/04\/Ceropegia-woodi-ssp-80x80.png 80w, https:\/\/www.kizilirmakpeyzaj.com.tr\/wp-content\/uploads\/2020\/04\/Ceropegia-woodi-ssp-100x100.png 100w\" sizes=\"auto, (max-width: 130px) 100vw, 130px\" \/><\/a><p id=\"caption-attachment-1473\" class=\"wp-caption-text\">Ceropegia Woodi Ssp.<\/p><\/div>\n<p>[\/vc_column_text][\/vc_column][vc_column width=&#8221;1\/6&#8243;][vc_column_text]<\/p>\n<div id=\"attachment_1474\" style=\"width: 140px\" class=\"wp-caption alignnone\"><a href=\"http:\/\/www.kizilirmakpeyzaj.com.tr\/wp-content\/uploads\/2020\/04\/Chlorophytum.png\"><img loading=\"lazy\" decoding=\"async\" aria-describedby=\"caption-attachment-1474\" class=\"size-full wp-image-1474\" src=\"http:\/\/www.kizilirmakpeyzaj.com.tr\/wp-content\/uploads\/2020\/04\/Chlorophytum.png\" alt=\"\" width=\"130\" height=\"130\" srcset=\"https:\/\/www.kizilirmakpeyzaj.com.tr\/wp-content\/uploads\/2020\/04\/Chlorophytum.png 130w, https:\/\/www.kizilirmakpeyzaj.com.tr\/wp-content\/uploads\/2020\/04\/Chlorophytum-75x75.png 75w, https:\/\/www.kizilirmakpeyzaj.com.tr\/wp-content\/uploads\/2020\/04\/Chlorophytum-80x80.png 80w, https:\/\/www.kizilirmakpeyzaj.com.tr\/wp-content\/uploads\/2020\/04\/Chlorophytum-100x100.png 100w\" sizes=\"auto, (max-width: 130px) 100vw, 130px\" \/><\/a><p id=\"caption-attachment-1474\" class=\"wp-caption-text\">Chlorophytum<\/p><\/div>\n<p>[\/vc_column_text][\/vc_column][vc_column width=&#8221;1\/6&#8243;][vc_column_text]<\/p>\n<div id=\"attachment_1475\" style=\"width: 140px\" class=\"wp-caption alignnone\"><a href=\"http:\/\/www.kizilirmakpeyzaj.com.tr\/wp-content\/uploads\/2020\/04\/Columnea.png\"><img loading=\"lazy\" decoding=\"async\" aria-describedby=\"caption-attachment-1475\" class=\"size-full wp-image-1475\" src=\"http:\/\/www.kizilirmakpeyzaj.com.tr\/wp-content\/uploads\/2020\/04\/Columnea.png\" alt=\"\" width=\"130\" height=\"130\" srcset=\"https:\/\/www.kizilirmakpeyzaj.com.tr\/wp-content\/uploads\/2020\/04\/Columnea.png 130w, https:\/\/www.kizilirmakpeyzaj.com.tr\/wp-content\/uploads\/2020\/04\/Columnea-75x75.png 75w, https:\/\/www.kizilirmakpeyzaj.com.tr\/wp-content\/uploads\/2020\/04\/Columnea-80x80.png 80w, https:\/\/www.kizilirmakpeyzaj.com.tr\/wp-content\/uploads\/2020\/04\/Columnea-100x100.png 100w\" sizes=\"auto, (max-width: 130px) 100vw, 130px\" \/><\/a><p id=\"caption-attachment-1475\" class=\"wp-caption-text\">Columnea<\/p><\/div>\n<p>[\/vc_column_text][\/vc_column][vc_column width=&#8221;1\/6&#8243;][vc_column_text]<\/p>\n<div id=\"attachment_1477\" style=\"width: 140px\" class=\"wp-caption alignnone\"><a href=\"http:\/\/www.kizilirmakpeyzaj.com.tr\/wp-content\/uploads\/2020\/04\/Epipremnum-pinnatum.png\"><img loading=\"lazy\" decoding=\"async\" aria-describedby=\"caption-attachment-1477\" class=\"size-full wp-image-1477\" src=\"http:\/\/www.kizilirmakpeyzaj.com.tr\/wp-content\/uploads\/2020\/04\/Epipremnum-pinnatum.png\" alt=\"\" width=\"130\" height=\"130\" srcset=\"https:\/\/www.kizilirmakpeyzaj.com.tr\/wp-content\/uploads\/2020\/04\/Epipremnum-pinnatum.png 130w, https:\/\/www.kizilirmakpeyzaj.com.tr\/wp-content\/uploads\/2020\/04\/Epipremnum-pinnatum-75x75.png 75w, https:\/\/www.kizilirmakpeyzaj.com.tr\/wp-content\/uploads\/2020\/04\/Epipremnum-pinnatum-80x80.png 80w, https:\/\/www.kizilirmakpeyzaj.com.tr\/wp-content\/uploads\/2020\/04\/Epipremnum-pinnatum-100x100.png 100w\" sizes=\"auto, (max-width: 130px) 100vw, 130px\" \/><\/a><p id=\"caption-attachment-1477\" class=\"wp-caption-text\">Epipremnum Pinnatum<\/p><\/div>\n<p>[\/vc_column_text][\/vc_column][vc_column width=&#8221;1\/6&#8243;][vc_column_text]<\/p>\n<div id=\"attachment_1478\" style=\"width: 140px\" class=\"wp-caption alignnone\"><a href=\"http:\/\/www.kizilirmakpeyzaj.com.tr\/wp-content\/uploads\/2020\/04\/Ficus-Pumila.png\"><img loading=\"lazy\" decoding=\"async\" aria-describedby=\"caption-attachment-1478\" class=\"size-full wp-image-1478\" src=\"http:\/\/www.kizilirmakpeyzaj.com.tr\/wp-content\/uploads\/2020\/04\/Ficus-Pumila.png\" alt=\"\" width=\"130\" height=\"130\" srcset=\"https:\/\/www.kizilirmakpeyzaj.com.tr\/wp-content\/uploads\/2020\/04\/Ficus-Pumila.png 130w, https:\/\/www.kizilirmakpeyzaj.com.tr\/wp-content\/uploads\/2020\/04\/Ficus-Pumila-75x75.png 75w, https:\/\/www.kizilirmakpeyzaj.com.tr\/wp-content\/uploads\/2020\/04\/Ficus-Pumila-80x80.png 80w, https:\/\/www.kizilirmakpeyzaj.com.tr\/wp-content\/uploads\/2020\/04\/Ficus-Pumila-100x100.png 100w\" sizes=\"auto, (max-width: 130px) 100vw, 130px\" \/><\/a><p id=\"caption-attachment-1478\" class=\"wp-caption-text\">Ficus Pumila<\/p><\/div>\n<p>[\/vc_column_text][\/vc_column][\/vc_row][vc_row][vc_column width=&#8221;1\/6&#8243;][vc_column_text]<\/p>\n<div id=\"attachment_1481\" style=\"width: 140px\" class=\"wp-caption alignnone\"><a href=\"http:\/\/www.kizilirmakpeyzaj.com.tr\/wp-content\/uploads\/2020\/04\/Hedera-Helix-1.png\"><img loading=\"lazy\" decoding=\"async\" aria-describedby=\"caption-attachment-1481\" class=\"size-full wp-image-1481\" src=\"http:\/\/www.kizilirmakpeyzaj.com.tr\/wp-content\/uploads\/2020\/04\/Hedera-Helix-1.png\" alt=\"\" width=\"130\" height=\"130\" srcset=\"https:\/\/www.kizilirmakpeyzaj.com.tr\/wp-content\/uploads\/2020\/04\/Hedera-Helix-1.png 130w, https:\/\/www.kizilirmakpeyzaj.com.tr\/wp-content\/uploads\/2020\/04\/Hedera-Helix-1-75x75.png 75w, https:\/\/www.kizilirmakpeyzaj.com.tr\/wp-content\/uploads\/2020\/04\/Hedera-Helix-1-80x80.png 80w, https:\/\/www.kizilirmakpeyzaj.com.tr\/wp-content\/uploads\/2020\/04\/Hedera-Helix-1-100x100.png 100w\" sizes=\"auto, (max-width: 130px) 100vw, 130px\" \/><\/a><p id=\"caption-attachment-1481\" class=\"wp-caption-text\">Hedera Helix<\/p><\/div>\n<p>[\/vc_column_text][\/vc_column][vc_column width=&#8221;1\/6&#8243;][vc_column_text]<\/p>\n<div id=\"attachment_1482\" style=\"width: 140px\" class=\"wp-caption alignnone\"><a href=\"http:\/\/www.kizilirmakpeyzaj.com.tr\/wp-content\/uploads\/2020\/04\/Hoya-Bella.png\"><img loading=\"lazy\" decoding=\"async\" aria-describedby=\"caption-attachment-1482\" class=\"size-full wp-image-1482\" src=\"http:\/\/www.kizilirmakpeyzaj.com.tr\/wp-content\/uploads\/2020\/04\/Hoya-Bella.png\" alt=\"\" width=\"130\" height=\"130\" srcset=\"https:\/\/www.kizilirmakpeyzaj.com.tr\/wp-content\/uploads\/2020\/04\/Hoya-Bella.png 130w, https:\/\/www.kizilirmakpeyzaj.com.tr\/wp-content\/uploads\/2020\/04\/Hoya-Bella-75x75.png 75w, https:\/\/www.kizilirmakpeyzaj.com.tr\/wp-content\/uploads\/2020\/04\/Hoya-Bella-80x80.png 80w, https:\/\/www.kizilirmakpeyzaj.com.tr\/wp-content\/uploads\/2020\/04\/Hoya-Bella-100x100.png 100w\" sizes=\"auto, (max-width: 130px) 100vw, 130px\" \/><\/a><p id=\"caption-attachment-1482\" class=\"wp-caption-text\">Hoya Bella<\/p><\/div>\n<p>[\/vc_column_text][\/vc_column][vc_column width=&#8221;1\/6&#8243;][vc_column_text]<\/p>\n<div id=\"attachment_1483\" style=\"width: 140px\" class=\"wp-caption alignnone\"><a href=\"http:\/\/www.kizilirmakpeyzaj.com.tr\/wp-content\/uploads\/2020\/04\/Monstera-Deliciosa.png\"><img loading=\"lazy\" decoding=\"async\" aria-describedby=\"caption-attachment-1483\" class=\"size-full wp-image-1483\" src=\"http:\/\/www.kizilirmakpeyzaj.com.tr\/wp-content\/uploads\/2020\/04\/Monstera-Deliciosa.png\" alt=\"\" width=\"130\" height=\"130\" srcset=\"https:\/\/www.kizilirmakpeyzaj.com.tr\/wp-content\/uploads\/2020\/04\/Monstera-Deliciosa.png 130w, https:\/\/www.kizilirmakpeyzaj.com.tr\/wp-content\/uploads\/2020\/04\/Monstera-Deliciosa-75x75.png 75w, https:\/\/www.kizilirmakpeyzaj.com.tr\/wp-content\/uploads\/2020\/04\/Monstera-Deliciosa-80x80.png 80w, https:\/\/www.kizilirmakpeyzaj.com.tr\/wp-content\/uploads\/2020\/04\/Monstera-Deliciosa-100x100.png 100w\" sizes=\"auto, (max-width: 130px) 100vw, 130px\" \/><\/a><p id=\"caption-attachment-1483\" class=\"wp-caption-text\">Monstera Deliciosa<\/p><\/div>\n<p>[\/vc_column_text][\/vc_column][vc_column width=&#8221;1\/6&#8243;][vc_column_text]<\/p>\n<div id=\"attachment_1484\" style=\"width: 140px\" class=\"wp-caption alignnone\"><a href=\"http:\/\/www.kizilirmakpeyzaj.com.tr\/wp-content\/uploads\/2020\/04\/Nepenthes.png\"><img loading=\"lazy\" decoding=\"async\" aria-describedby=\"caption-attachment-1484\" class=\"size-full wp-image-1484\" src=\"http:\/\/www.kizilirmakpeyzaj.com.tr\/wp-content\/uploads\/2020\/04\/Nepenthes.png\" alt=\"\" width=\"130\" height=\"130\" srcset=\"https:\/\/www.kizilirmakpeyzaj.com.tr\/wp-content\/uploads\/2020\/04\/Nepenthes.png 130w, https:\/\/www.kizilirmakpeyzaj.com.tr\/wp-content\/uploads\/2020\/04\/Nepenthes-75x75.png 75w, https:\/\/www.kizilirmakpeyzaj.com.tr\/wp-content\/uploads\/2020\/04\/Nepenthes-80x80.png 80w, https:\/\/www.kizilirmakpeyzaj.com.tr\/wp-content\/uploads\/2020\/04\/Nepenthes-100x100.png 100w\" sizes=\"auto, (max-width: 130px) 100vw, 130px\" \/><\/a><p id=\"caption-attachment-1484\" class=\"wp-caption-text\">Nepenthes<\/p><\/div>\n<p>[\/vc_column_text][\/vc_column][vc_column width=&#8221;1\/6&#8243;][vc_column_text]<\/p>\n<div id=\"attachment_1485\" style=\"width: 140px\" class=\"wp-caption alignnone\"><a href=\"http:\/\/www.kizilirmakpeyzaj.com.tr\/wp-content\/uploads\/2020\/04\/Philodendron.png\"><img loading=\"lazy\" decoding=\"async\" aria-describedby=\"caption-attachment-1485\" class=\"size-full wp-image-1485\" src=\"http:\/\/www.kizilirmakpeyzaj.com.tr\/wp-content\/uploads\/2020\/04\/Philodendron.png\" alt=\"\" width=\"130\" height=\"130\" srcset=\"https:\/\/www.kizilirmakpeyzaj.com.tr\/wp-content\/uploads\/2020\/04\/Philodendron.png 130w, https:\/\/www.kizilirmakpeyzaj.com.tr\/wp-content\/uploads\/2020\/04\/Philodendron-75x75.png 75w, https:\/\/www.kizilirmakpeyzaj.com.tr\/wp-content\/uploads\/2020\/04\/Philodendron-80x80.png 80w, https:\/\/www.kizilirmakpeyzaj.com.tr\/wp-content\/uploads\/2020\/04\/Philodendron-100x100.png 100w\" sizes=\"auto, (max-width: 130px) 100vw, 130px\" \/><\/a><p id=\"caption-attachment-1485\" class=\"wp-caption-text\">Philodendron<\/p><\/div>\n<p>[\/vc_column_text][\/vc_column][vc_column width=&#8221;1\/6&#8243;][vc_column_text]<\/p>\n<div id=\"attachment_1486\" style=\"width: 140px\" class=\"wp-caption alignnone\"><a href=\"http:\/\/www.kizilirmakpeyzaj.com.tr\/wp-content\/uploads\/2020\/04\/Platycerium-Bifurcatum.png\"><img loading=\"lazy\" decoding=\"async\" aria-describedby=\"caption-attachment-1486\" class=\"size-full wp-image-1486\" src=\"http:\/\/www.kizilirmakpeyzaj.com.tr\/wp-content\/uploads\/2020\/04\/Platycerium-Bifurcatum.png\" alt=\"\" width=\"130\" height=\"130\" srcset=\"https:\/\/www.kizilirmakpeyzaj.com.tr\/wp-content\/uploads\/2020\/04\/Platycerium-Bifurcatum.png 130w, https:\/\/www.kizilirmakpeyzaj.com.tr\/wp-content\/uploads\/2020\/04\/Platycerium-Bifurcatum-75x75.png 75w, https:\/\/www.kizilirmakpeyzaj.com.tr\/wp-content\/uploads\/2020\/04\/Platycerium-Bifurcatum-80x80.png 80w, https:\/\/www.kizilirmakpeyzaj.com.tr\/wp-content\/uploads\/2020\/04\/Platycerium-Bifurcatum-100x100.png 100w\" sizes=\"auto, (max-width: 130px) 100vw, 130px\" \/><\/a><p id=\"caption-attachment-1486\" class=\"wp-caption-text\">Platycerium Bifurcatum<\/p><\/div>\n<p>[\/vc_column_text][\/vc_column][\/vc_row]<\/p>\n","protected":false},"excerpt":{"rendered":"<p>[vc_row][vc_column width=&#8221;1\/6&#8243;][vc_column_text] [\/vc_column_text][\/vc_column][vc_column width=&#8221;1\/6&#8243;][vc_column_text] [\/vc_column_text][\/vc_column][vc_column width=&#8221;1\/6&#8243;][vc_column_text] [\/vc_column_text][\/vc_column][vc_column width=&#8221;1\/6&#8243;][vc_column_text] [\/vc_column_text][\/vc_column][vc_column width=&#8221;1\/6&#8243;][vc_column_text] [\/vc_column_text][\/vc_column][vc_column width=&#8221;1\/6&#8243;][vc_column_text] [\/vc_column_text][\/vc_column][\/vc_row][vc_row][vc_column&hellip;<\/p>\n","protected":false},"author":1,"featured_media":0,"parent":0,"menu_order":0,"comment_status":"closed","ping_status":"closed","template":"","meta":{"footnotes":""},"class_list":["post-1471","page","type-page","status-publish","hentry","no-thumb"],"_links":{"self":[{"href":"https:\/\/www.kizilirmakpeyzaj.com.tr\/index.php\/wp-json\/wp\/v2\/pages\/1471","targetHints":{"allow":["GET"]}}],"collection":[{"href":"https:\/\/www.kizilirmakpeyzaj.com.tr\/index.php\/wp-json\/wp\/v2\/pages"}],"about":[{"href":"https:\/\/www.kizilirmakpeyzaj.com.tr\/index.php\/wp-json\/wp\/v2\/types\/page"}],"author":[{"embeddable":true,"href":"https:\/\/www.kizilirmakpeyzaj.com.tr\/index.php\/wp-json\/wp\/v2\/users\/1"}],"replies":[{"embeddable":true,"href":"https:\/\/www.kizilirmakpeyzaj.com.tr\/index.php\/wp-json\/wp\/v2\/comments?post=1471"}],"version-history":[{"count":4,"href":"https:\/\/www.kizilirmakpeyzaj.com.tr\/index.php\/wp-json\/wp\/v2\/pages\/1471\/revisions"}],"predecessor-version":[{"id":1487,"href":"https:\/\/www.kizilirmakpeyzaj.com.tr\/index.php\/wp-json\/wp\/v2\/pages\/1471\/revisions\/1487"}],"wp:attachment":[{"href":"https:\/\/www.kizilirmakpeyzaj.com.tr\/index.php\/wp-json\/wp\/v2\/media?parent=1471"}],"curies":[{"name":"wp","href":"https:\/\/api.w.org\/{rel}","templated":true}]}}