{"id":125,"date":"2017-06-12T08:36:06","date_gmt":"2017-06-12T08:36:06","guid":{"rendered":"http:\/\/demo2.steelthemes.com\/gardenhub\/?page_id=125"},"modified":"2022-03-03T00:14:45","modified_gmt":"2022-03-02T21:14:45","slug":"baskanin-mesaji","status":"publish","type":"page","link":"https:\/\/www.kizilirmakpeyzaj.com.tr\/index.php\/baskanin-mesaji\/","title":{"rendered":""},"content":{"rendered":"<p>[vc_row][vc_column width=&#8221;1\/2&#8243;][vc_single_image image=&#8221;916&#8243; img_size=&#8221;580&#215;490&#8243;][\/vc_column][vc_column width=&#8221;1\/2&#8243;][vc_column_text]<\/p>\r\n<div class=\"wp-block-group\">\r\n<div class=\"wp-block-group__inner-container\">\r\n<h4 align=\"justify\">BA\u015eKANIN MESAJI<\/h4>\r\n<p align=\"justify\">Sekt\u00f6r\u00fcm\u00fczde 2005 y\u0131l\u0131ndan g\u00fcn\u00fcm\u00fcze dek; D\u0131\u015f mekan s\u00fcs itkisi ve fidan yeti\u015ftiren firmam\u0131z , \u00e7evre tahribat\u0131na do\u011fal \u00e7\u00f6z\u00fcmler \u00fcretmektedir.<\/p>\r\n<!-- \/wp:html -->\r\n\r\n<!-- wp:html -->\r\n<p align=\"justify\">Sekt\u00f6rdeki tecr\u00fcbemizi AR-GE \u00e7al\u0131\u015fmalar\u0131 ile g\u00fc\u00e7lendirerek sekt\u00f6re y\u00f6n veren kurulu\u015f olman\u0131n hakl\u0131 gururunu yenilik\u00e7i projelerimizle ya\u015f\u0131yoruz. \u00d6n\u00fcm\u00fczdeki s\u00fcre\u00e7te \u00fclkemiz i\u00e7in \u00f6nemli projeler ger\u00e7ekle\u015ftirecek g\u00fc\u00e7l\u00fc ve dinamik bir kadroya sahibiz. \u0130\u015f yapt\u0131\u011f\u0131m\u0131z \u00a0\u00a0kurumlara daha profesyonel hizmetler sunmak i\u00e7in AR-GE \u00e7al\u0131\u015fmalar\u0131m\u0131za ara vermeden devam edece\u011fiz.<\/p>\r\n<!-- \/wp:html -->\r\n\r\n<!-- wp:html -->\r\n<p align=\"justify\">Sekt\u00f6rdeki \u00e7\u00f6z\u00fcmlerde do\u011fal ve kaliteli olman\u0131n yan\u0131nda ,\u00a0 uygun fiyat politikas\u0131n\u0131 \u00f6nceleyen yenilik\u00e7i \u00fcr\u00fcnlere de \u00f6ncelik vermekteyiz. Yerli ikame \u00fcr\u00fcn geli\u015ftirme \u00e7al\u0131\u015fmalar\u0131 ile \u00fclkemiz ekonomisine \u00f6nemli katk\u0131lar sunmaya devam ediyoruz. Bu hususta yurti\u00e7i \u00fcretici ve tedarik\u00e7ilerimizi desteklemeye devam edece\u011fiz.<\/p>\r\n<!-- \/wp:html -->\r\n\r\n<!-- wp:html -->\r\n<p align=\"justify\">G\u00fczel bir gelecek g\u00fczel bir \u00e7evre ile , g\u00fczel bir d\u00fcnya ise\u00a0 insan ile \u00e7evreyi b\u00fct\u00fcnle\u015ftiren\u00a0 g\u00fczel projelerle \u00a0olur inanc\u0131 ile \u00a0\u00e7al\u0131\u015fmaya devam edece\u011fiz.<\/p>\r\n<p><!-- \/wp:html -->\r\n\r\n<!-- wp:paragraph -->Sayg\u0131lar\u0131m\u0131zla<\/p>\r\n<p><!-- \/wp:paragraph -->\r\n\r\n<!-- wp:paragraph --><strong>Yadigar DOKG\u00d6Z<\/strong><br \/><strong>Y\u00f6netim Kurulu Ba\u015fkan\u0131<\/strong><\/p>\r\n<\/div>\r\n<\/div>\r\n<p>[\/vc_column_text][\/vc_column][\/vc_row][vc_row][vc_column][vc_text_separator title=&#8221;&#8221;][\/vc_column][\/vc_row]<\/p>","protected":false},"excerpt":{"rendered":"<p>[vc_row][vc_column width=&#8221;1\/2&#8243;][vc_single_image image=&#8221;916&#8243; img_size=&#8221;580&#215;490&#8243;][\/vc_column][vc_column width=&#8221;1\/2&#8243;][vc_column_text] BA\u015eKANIN MESAJI Sekt\u00f6r\u00fcm\u00fczde 2005 y\u0131l\u0131ndan g\u00fcn\u00fcm\u00fcze dek; D\u0131\u015f&hellip;<\/p>\n","protected":false},"author":1,"featured_media":0,"parent":0,"menu_order":0,"comment_status":"closed","ping_status":"closed","template":"template-fullwidth.php","meta":{"footnotes":""},"class_list":["post-125","page","type-page","status-publish","hentry","no-thumb"],"_links":{"self":[{"href":"https:\/\/www.kizilirmakpeyzaj.com.tr\/index.php\/wp-json\/wp\/v2\/pages\/125","targetHints":{"allow":["GET"]}}],"collection":[{"href":"https:\/\/www.kizilirmakpeyzaj.com.tr\/index.php\/wp-json\/wp\/v2\/pages"}],"about":[{"href":"https:\/\/www.kizilirmakpeyzaj.com.tr\/index.php\/wp-json\/wp\/v2\/types\/page"}],"author":[{"embeddable":true,"href":"https:\/\/www.kizilirmakpeyzaj.com.tr\/index.php\/wp-json\/wp\/v2\/users\/1"}],"replies":[{"embeddable":true,"href":"https:\/\/www.kizilirmakpeyzaj.com.tr\/index.php\/wp-json\/wp\/v2\/comments?post=125"}],"version-history":[{"count":30,"href":"https:\/\/www.kizilirmakpeyzaj.com.tr\/index.php\/wp-json\/wp\/v2\/pages\/125\/revisions"}],"predecessor-version":[{"id":2177,"href":"https:\/\/www.kizilirmakpeyzaj.com.tr\/index.php\/wp-json\/wp\/v2\/pages\/125\/revisions\/2177"}],"wp:attachment":[{"href":"https:\/\/www.kizilirmakpeyzaj.com.tr\/index.php\/wp-json\/wp\/v2\/media?parent=125"}],"curies":[{"name":"wp","href":"https:\/\/api.w.org\/{rel}","templated":true}]}}