{"id":1241,"date":"2020-04-16T00:44:59","date_gmt":"2020-04-15T21:44:59","guid":{"rendered":"http:\/\/www.kizilirmakpeyzaj.com.tr\/?page_id=1241"},"modified":"2020-06-17T00:06:49","modified_gmt":"2020-06-16T21:06:49","slug":"sarilici-ve-tirmanici-bitkiler","status":"publish","type":"page","link":"https:\/\/www.kizilirmakpeyzaj.com.tr\/index.php\/sarilici-ve-tirmanici-bitkiler\/","title":{"rendered":"Sar\u0131l\u0131c\u0131 ve T\u0131rman\u0131c\u0131 Bitkiler"},"content":{"rendered":"<p>[vc_row][vc_column width=&#8221;1\/6&#8243;][vc_column_text]<\/p>\n<div id=\"attachment_1242\" style=\"width: 140px\" class=\"wp-caption alignnone\"><a href=\"http:\/\/www.kizilirmakpeyzaj.com.tr\/wp-content\/uploads\/2020\/04\/Bignonia-Campsis.png\"><img loading=\"lazy\" decoding=\"async\" aria-describedby=\"caption-attachment-1242\" class=\"size-full wp-image-1242\" src=\"http:\/\/www.kizilirmakpeyzaj.com.tr\/wp-content\/uploads\/2020\/04\/Bignonia-Campsis.png\" alt=\"\" width=\"130\" height=\"130\" srcset=\"https:\/\/www.kizilirmakpeyzaj.com.tr\/wp-content\/uploads\/2020\/04\/Bignonia-Campsis.png 130w, https:\/\/www.kizilirmakpeyzaj.com.tr\/wp-content\/uploads\/2020\/04\/Bignonia-Campsis-75x75.png 75w, https:\/\/www.kizilirmakpeyzaj.com.tr\/wp-content\/uploads\/2020\/04\/Bignonia-Campsis-80x80.png 80w, https:\/\/www.kizilirmakpeyzaj.com.tr\/wp-content\/uploads\/2020\/04\/Bignonia-Campsis-100x100.png 100w\" sizes=\"auto, (max-width: 130px) 100vw, 130px\" \/><\/a><p id=\"caption-attachment-1242\" class=\"wp-caption-text\">Bignonia (Campsis)<\/p><\/div>\n<p>[\/vc_column_text][\/vc_column][vc_column width=&#8221;1\/6&#8243;][vc_column_text]<\/p>\n<div id=\"attachment_1243\" style=\"width: 140px\" class=\"wp-caption alignnone\"><a href=\"http:\/\/www.kizilirmakpeyzaj.com.tr\/wp-content\/uploads\/2020\/04\/Bougainvillea-glabra.png\"><img loading=\"lazy\" decoding=\"async\" aria-describedby=\"caption-attachment-1243\" class=\"size-full wp-image-1243\" src=\"http:\/\/www.kizilirmakpeyzaj.com.tr\/wp-content\/uploads\/2020\/04\/Bougainvillea-glabra.png\" alt=\"\" width=\"130\" height=\"130\" srcset=\"https:\/\/www.kizilirmakpeyzaj.com.tr\/wp-content\/uploads\/2020\/04\/Bougainvillea-glabra.png 130w, https:\/\/www.kizilirmakpeyzaj.com.tr\/wp-content\/uploads\/2020\/04\/Bougainvillea-glabra-75x75.png 75w, https:\/\/www.kizilirmakpeyzaj.com.tr\/wp-content\/uploads\/2020\/04\/Bougainvillea-glabra-80x80.png 80w, https:\/\/www.kizilirmakpeyzaj.com.tr\/wp-content\/uploads\/2020\/04\/Bougainvillea-glabra-100x100.png 100w\" sizes=\"auto, (max-width: 130px) 100vw, 130px\" \/><\/a><p id=\"caption-attachment-1243\" class=\"wp-caption-text\">Bougainvillea Glabra<\/p><\/div>\n<p>[\/vc_column_text][\/vc_column][vc_column width=&#8221;1\/6&#8243;][vc_column_text]<\/p>\n<div id=\"attachment_1244\" style=\"width: 140px\" class=\"wp-caption alignnone\"><a href=\"http:\/\/www.kizilirmakpeyzaj.com.tr\/wp-content\/uploads\/2020\/04\/Clematis-armandii.png\"><img loading=\"lazy\" decoding=\"async\" aria-describedby=\"caption-attachment-1244\" class=\"size-full wp-image-1244\" src=\"http:\/\/www.kizilirmakpeyzaj.com.tr\/wp-content\/uploads\/2020\/04\/Clematis-armandii.png\" alt=\"\" width=\"130\" height=\"130\" srcset=\"https:\/\/www.kizilirmakpeyzaj.com.tr\/wp-content\/uploads\/2020\/04\/Clematis-armandii.png 130w, https:\/\/www.kizilirmakpeyzaj.com.tr\/wp-content\/uploads\/2020\/04\/Clematis-armandii-75x75.png 75w, https:\/\/www.kizilirmakpeyzaj.com.tr\/wp-content\/uploads\/2020\/04\/Clematis-armandii-80x80.png 80w, https:\/\/www.kizilirmakpeyzaj.com.tr\/wp-content\/uploads\/2020\/04\/Clematis-armandii-100x100.png 100w\" sizes=\"auto, (max-width: 130px) 100vw, 130px\" \/><\/a><p id=\"caption-attachment-1244\" class=\"wp-caption-text\">Clematis Armandii<\/p><\/div>\n<p>[\/vc_column_text][\/vc_column][vc_column width=&#8221;1\/6&#8243;][vc_column_text]<\/p>\n<div id=\"attachment_1245\" style=\"width: 140px\" class=\"wp-caption alignnone\"><a href=\"http:\/\/www.kizilirmakpeyzaj.com.tr\/wp-content\/uploads\/2020\/04\/Dipladenia-splendens.png\"><img loading=\"lazy\" decoding=\"async\" aria-describedby=\"caption-attachment-1245\" class=\"size-full wp-image-1245\" src=\"http:\/\/www.kizilirmakpeyzaj.com.tr\/wp-content\/uploads\/2020\/04\/Dipladenia-splendens.png\" alt=\"\" width=\"130\" height=\"130\" srcset=\"https:\/\/www.kizilirmakpeyzaj.com.tr\/wp-content\/uploads\/2020\/04\/Dipladenia-splendens.png 130w, https:\/\/www.kizilirmakpeyzaj.com.tr\/wp-content\/uploads\/2020\/04\/Dipladenia-splendens-75x75.png 75w, https:\/\/www.kizilirmakpeyzaj.com.tr\/wp-content\/uploads\/2020\/04\/Dipladenia-splendens-80x80.png 80w, https:\/\/www.kizilirmakpeyzaj.com.tr\/wp-content\/uploads\/2020\/04\/Dipladenia-splendens-100x100.png 100w\" sizes=\"auto, (max-width: 130px) 100vw, 130px\" \/><\/a><p id=\"caption-attachment-1245\" class=\"wp-caption-text\">Dipladenia Splendens<\/p><\/div>\n<p>[\/vc_column_text][\/vc_column][vc_column width=&#8221;1\/6&#8243;][vc_column_text]<\/p>\n<div id=\"attachment_1246\" style=\"width: 140px\" class=\"wp-caption alignnone\"><a href=\"http:\/\/www.kizilirmakpeyzaj.com.tr\/wp-content\/uploads\/2020\/04\/Hedera-helix.png\"><img loading=\"lazy\" decoding=\"async\" aria-describedby=\"caption-attachment-1246\" class=\"size-full wp-image-1246\" src=\"http:\/\/www.kizilirmakpeyzaj.com.tr\/wp-content\/uploads\/2020\/04\/Hedera-helix.png\" alt=\"\" width=\"130\" height=\"130\" srcset=\"https:\/\/www.kizilirmakpeyzaj.com.tr\/wp-content\/uploads\/2020\/04\/Hedera-helix.png 130w, https:\/\/www.kizilirmakpeyzaj.com.tr\/wp-content\/uploads\/2020\/04\/Hedera-helix-75x75.png 75w, https:\/\/www.kizilirmakpeyzaj.com.tr\/wp-content\/uploads\/2020\/04\/Hedera-helix-80x80.png 80w, https:\/\/www.kizilirmakpeyzaj.com.tr\/wp-content\/uploads\/2020\/04\/Hedera-helix-100x100.png 100w\" sizes=\"auto, (max-width: 130px) 100vw, 130px\" \/><\/a><p id=\"caption-attachment-1246\" class=\"wp-caption-text\">Hedera Helix<\/p><\/div>\n<p>[\/vc_column_text][\/vc_column][vc_column width=&#8221;1\/6&#8243;][vc_column_text]<\/p>\n<div id=\"attachment_1247\" style=\"width: 140px\" class=\"wp-caption alignnone\"><a href=\"http:\/\/www.kizilirmakpeyzaj.com.tr\/wp-content\/uploads\/2020\/04\/Hydrangea-petiolaris.png\"><img loading=\"lazy\" decoding=\"async\" aria-describedby=\"caption-attachment-1247\" class=\"size-full wp-image-1247\" src=\"http:\/\/www.kizilirmakpeyzaj.com.tr\/wp-content\/uploads\/2020\/04\/Hydrangea-petiolaris.png\" alt=\"\" width=\"130\" height=\"130\" srcset=\"https:\/\/www.kizilirmakpeyzaj.com.tr\/wp-content\/uploads\/2020\/04\/Hydrangea-petiolaris.png 130w, https:\/\/www.kizilirmakpeyzaj.com.tr\/wp-content\/uploads\/2020\/04\/Hydrangea-petiolaris-75x75.png 75w, https:\/\/www.kizilirmakpeyzaj.com.tr\/wp-content\/uploads\/2020\/04\/Hydrangea-petiolaris-80x80.png 80w, https:\/\/www.kizilirmakpeyzaj.com.tr\/wp-content\/uploads\/2020\/04\/Hydrangea-petiolaris-100x100.png 100w\" sizes=\"auto, (max-width: 130px) 100vw, 130px\" \/><\/a><p id=\"caption-attachment-1247\" class=\"wp-caption-text\">Hydrangea Petiolaris<\/p><\/div>\n<p>[\/vc_column_text][\/vc_column][\/vc_row][vc_row][vc_column width=&#8221;1\/6&#8243;][vc_column_text]<\/p>\n<div id=\"attachment_1250\" style=\"width: 140px\" class=\"wp-caption alignnone\"><a href=\"http:\/\/www.kizilirmakpeyzaj.com.tr\/wp-content\/uploads\/2020\/04\/Jasminum-nudiflorum.png\"><img loading=\"lazy\" decoding=\"async\" aria-describedby=\"caption-attachment-1250\" class=\"size-full wp-image-1250\" src=\"http:\/\/www.kizilirmakpeyzaj.com.tr\/wp-content\/uploads\/2020\/04\/Jasminum-nudiflorum.png\" alt=\"\" width=\"130\" height=\"130\" srcset=\"https:\/\/www.kizilirmakpeyzaj.com.tr\/wp-content\/uploads\/2020\/04\/Jasminum-nudiflorum.png 130w, https:\/\/www.kizilirmakpeyzaj.com.tr\/wp-content\/uploads\/2020\/04\/Jasminum-nudiflorum-75x75.png 75w, https:\/\/www.kizilirmakpeyzaj.com.tr\/wp-content\/uploads\/2020\/04\/Jasminum-nudiflorum-80x80.png 80w, https:\/\/www.kizilirmakpeyzaj.com.tr\/wp-content\/uploads\/2020\/04\/Jasminum-nudiflorum-100x100.png 100w\" sizes=\"auto, (max-width: 130px) 100vw, 130px\" \/><\/a><p id=\"caption-attachment-1250\" class=\"wp-caption-text\">Jasminum Nudiflorum<\/p><\/div>\n<p>[\/vc_column_text][\/vc_column][vc_column width=&#8221;1\/6&#8243;][vc_column_text]<\/p>\n<div id=\"attachment_1251\" style=\"width: 140px\" class=\"wp-caption alignnone\"><a href=\"http:\/\/www.kizilirmakpeyzaj.com.tr\/wp-content\/uploads\/2020\/04\/Lonicera-japonica.png\"><img loading=\"lazy\" decoding=\"async\" aria-describedby=\"caption-attachment-1251\" class=\"size-full wp-image-1251\" src=\"http:\/\/www.kizilirmakpeyzaj.com.tr\/wp-content\/uploads\/2020\/04\/Lonicera-japonica.png\" alt=\"\" width=\"130\" height=\"130\" srcset=\"https:\/\/www.kizilirmakpeyzaj.com.tr\/wp-content\/uploads\/2020\/04\/Lonicera-japonica.png 130w, https:\/\/www.kizilirmakpeyzaj.com.tr\/wp-content\/uploads\/2020\/04\/Lonicera-japonica-75x75.png 75w, https:\/\/www.kizilirmakpeyzaj.com.tr\/wp-content\/uploads\/2020\/04\/Lonicera-japonica-80x80.png 80w, https:\/\/www.kizilirmakpeyzaj.com.tr\/wp-content\/uploads\/2020\/04\/Lonicera-japonica-100x100.png 100w\" sizes=\"auto, (max-width: 130px) 100vw, 130px\" \/><\/a><p id=\"caption-attachment-1251\" class=\"wp-caption-text\">Lonicera Japonica<\/p><\/div>\n<p>[\/vc_column_text][\/vc_column][vc_column width=&#8221;1\/6&#8243;][vc_column_text]<\/p>\n<div id=\"attachment_1252\" style=\"width: 140px\" class=\"wp-caption alignnone\"><a href=\"http:\/\/www.kizilirmakpeyzaj.com.tr\/wp-content\/uploads\/2020\/04\/Parthenocissus.png\"><img loading=\"lazy\" decoding=\"async\" aria-describedby=\"caption-attachment-1252\" class=\"size-full wp-image-1252\" src=\"http:\/\/www.kizilirmakpeyzaj.com.tr\/wp-content\/uploads\/2020\/04\/Parthenocissus.png\" alt=\"\" width=\"130\" height=\"130\" srcset=\"https:\/\/www.kizilirmakpeyzaj.com.tr\/wp-content\/uploads\/2020\/04\/Parthenocissus.png 130w, https:\/\/www.kizilirmakpeyzaj.com.tr\/wp-content\/uploads\/2020\/04\/Parthenocissus-75x75.png 75w, https:\/\/www.kizilirmakpeyzaj.com.tr\/wp-content\/uploads\/2020\/04\/Parthenocissus-80x80.png 80w, https:\/\/www.kizilirmakpeyzaj.com.tr\/wp-content\/uploads\/2020\/04\/Parthenocissus-100x100.png 100w\" sizes=\"auto, (max-width: 130px) 100vw, 130px\" \/><\/a><p id=\"caption-attachment-1252\" class=\"wp-caption-text\">Parthenocissus<\/p><\/div>\n<p>[\/vc_column_text][\/vc_column][vc_column width=&#8221;1\/6&#8243;][vc_column_text]<\/p>\n<div id=\"attachment_1253\" style=\"width: 140px\" class=\"wp-caption alignnone\"><a href=\"http:\/\/www.kizilirmakpeyzaj.com.tr\/wp-content\/uploads\/2020\/04\/Parthenocissus2.png\"><img loading=\"lazy\" decoding=\"async\" aria-describedby=\"caption-attachment-1253\" class=\"size-full wp-image-1253\" src=\"http:\/\/www.kizilirmakpeyzaj.com.tr\/wp-content\/uploads\/2020\/04\/Parthenocissus2.png\" alt=\"\" width=\"130\" height=\"130\" srcset=\"https:\/\/www.kizilirmakpeyzaj.com.tr\/wp-content\/uploads\/2020\/04\/Parthenocissus2.png 130w, https:\/\/www.kizilirmakpeyzaj.com.tr\/wp-content\/uploads\/2020\/04\/Parthenocissus2-75x75.png 75w, https:\/\/www.kizilirmakpeyzaj.com.tr\/wp-content\/uploads\/2020\/04\/Parthenocissus2-80x80.png 80w, https:\/\/www.kizilirmakpeyzaj.com.tr\/wp-content\/uploads\/2020\/04\/Parthenocissus2-100x100.png 100w\" sizes=\"auto, (max-width: 130px) 100vw, 130px\" \/><\/a><p id=\"caption-attachment-1253\" class=\"wp-caption-text\">Parthenocissus<\/p><\/div>\n<p>[\/vc_column_text][\/vc_column][vc_column width=&#8221;1\/6&#8243;][vc_column_text]<\/p>\n<div id=\"attachment_1254\" style=\"width: 140px\" class=\"wp-caption alignnone\"><a href=\"http:\/\/www.kizilirmakpeyzaj.com.tr\/wp-content\/uploads\/2020\/04\/Passiflora-coerulea.png\"><img loading=\"lazy\" decoding=\"async\" aria-describedby=\"caption-attachment-1254\" class=\"size-full wp-image-1254\" src=\"http:\/\/www.kizilirmakpeyzaj.com.tr\/wp-content\/uploads\/2020\/04\/Passiflora-coerulea.png\" alt=\"\" width=\"130\" height=\"130\" srcset=\"https:\/\/www.kizilirmakpeyzaj.com.tr\/wp-content\/uploads\/2020\/04\/Passiflora-coerulea.png 130w, https:\/\/www.kizilirmakpeyzaj.com.tr\/wp-content\/uploads\/2020\/04\/Passiflora-coerulea-75x75.png 75w, https:\/\/www.kizilirmakpeyzaj.com.tr\/wp-content\/uploads\/2020\/04\/Passiflora-coerulea-80x80.png 80w, https:\/\/www.kizilirmakpeyzaj.com.tr\/wp-content\/uploads\/2020\/04\/Passiflora-coerulea-100x100.png 100w\" sizes=\"auto, (max-width: 130px) 100vw, 130px\" \/><\/a><p id=\"caption-attachment-1254\" class=\"wp-caption-text\">Passiflora Coerulea<\/p><\/div>\n<p>[\/vc_column_text][\/vc_column][vc_column width=&#8221;1\/6&#8243;][vc_column_text]<\/p>\n<div id=\"attachment_1255\" style=\"width: 140px\" class=\"wp-caption alignnone\"><a href=\"http:\/\/www.kizilirmakpeyzaj.com.tr\/wp-content\/uploads\/2020\/04\/Rhynchospermum-Trachelospermum-jasminoides.png\"><img loading=\"lazy\" decoding=\"async\" aria-describedby=\"caption-attachment-1255\" class=\"size-full wp-image-1255\" src=\"http:\/\/www.kizilirmakpeyzaj.com.tr\/wp-content\/uploads\/2020\/04\/Rhynchospermum-Trachelospermum-jasminoides.png\" alt=\"\" width=\"130\" height=\"130\" srcset=\"https:\/\/www.kizilirmakpeyzaj.com.tr\/wp-content\/uploads\/2020\/04\/Rhynchospermum-Trachelospermum-jasminoides.png 130w, https:\/\/www.kizilirmakpeyzaj.com.tr\/wp-content\/uploads\/2020\/04\/Rhynchospermum-Trachelospermum-jasminoides-75x75.png 75w, https:\/\/www.kizilirmakpeyzaj.com.tr\/wp-content\/uploads\/2020\/04\/Rhynchospermum-Trachelospermum-jasminoides-80x80.png 80w, https:\/\/www.kizilirmakpeyzaj.com.tr\/wp-content\/uploads\/2020\/04\/Rhynchospermum-Trachelospermum-jasminoides-100x100.png 100w\" sizes=\"auto, (max-width: 130px) 100vw, 130px\" \/><\/a><p id=\"caption-attachment-1255\" class=\"wp-caption-text\">Rhynchospermum (Trachelospermum) Jasminoides<\/p><\/div>\n<p>[\/vc_column_text][\/vc_column][\/vc_row][vc_row][vc_column width=&#8221;1\/6&#8243;][vc_column_text]<\/p>\n<div id=\"attachment_1257\" style=\"width: 140px\" class=\"wp-caption alignnone\"><a href=\"http:\/\/www.kizilirmakpeyzaj.com.tr\/wp-content\/uploads\/2020\/04\/Rosa-rampicantii.png\"><img loading=\"lazy\" decoding=\"async\" aria-describedby=\"caption-attachment-1257\" class=\"size-full wp-image-1257\" src=\"http:\/\/www.kizilirmakpeyzaj.com.tr\/wp-content\/uploads\/2020\/04\/Rosa-rampicantii.png\" alt=\"\" width=\"130\" height=\"130\" srcset=\"https:\/\/www.kizilirmakpeyzaj.com.tr\/wp-content\/uploads\/2020\/04\/Rosa-rampicantii.png 130w, https:\/\/www.kizilirmakpeyzaj.com.tr\/wp-content\/uploads\/2020\/04\/Rosa-rampicantii-75x75.png 75w, https:\/\/www.kizilirmakpeyzaj.com.tr\/wp-content\/uploads\/2020\/04\/Rosa-rampicantii-80x80.png 80w, https:\/\/www.kizilirmakpeyzaj.com.tr\/wp-content\/uploads\/2020\/04\/Rosa-rampicantii-100x100.png 100w\" sizes=\"auto, (max-width: 130px) 100vw, 130px\" \/><\/a><p id=\"caption-attachment-1257\" class=\"wp-caption-text\">Rosa Rampicantii<\/p><\/div>\n<p>[\/vc_column_text][\/vc_column][vc_column width=&#8221;1\/6&#8243;][vc_column_text]<\/p>\n<div id=\"attachment_1258\" style=\"width: 140px\" class=\"wp-caption alignnone\"><a href=\"http:\/\/www.kizilirmakpeyzaj.com.tr\/wp-content\/uploads\/2020\/04\/Rosa-rampicantii2.png\"><img loading=\"lazy\" decoding=\"async\" aria-describedby=\"caption-attachment-1258\" class=\"wp-image-1258 size-full\" src=\"http:\/\/www.kizilirmakpeyzaj.com.tr\/wp-content\/uploads\/2020\/04\/Rosa-rampicantii2.png\" alt=\"\" width=\"130\" height=\"130\" srcset=\"https:\/\/www.kizilirmakpeyzaj.com.tr\/wp-content\/uploads\/2020\/04\/Rosa-rampicantii2.png 130w, https:\/\/www.kizilirmakpeyzaj.com.tr\/wp-content\/uploads\/2020\/04\/Rosa-rampicantii2-75x75.png 75w, https:\/\/www.kizilirmakpeyzaj.com.tr\/wp-content\/uploads\/2020\/04\/Rosa-rampicantii2-80x80.png 80w, https:\/\/www.kizilirmakpeyzaj.com.tr\/wp-content\/uploads\/2020\/04\/Rosa-rampicantii2-100x100.png 100w\" sizes=\"auto, (max-width: 130px) 100vw, 130px\" \/><\/a><p id=\"caption-attachment-1258\" class=\"wp-caption-text\">Solanum Jasminoides<\/p><\/div>\n<p>[\/vc_column_text][\/vc_column][vc_column width=&#8221;1\/6&#8243;][vc_column_text]<\/p>\n<div id=\"attachment_1259\" style=\"width: 140px\" class=\"wp-caption alignnone\"><a href=\"http:\/\/www.kizilirmakpeyzaj.com.tr\/wp-content\/uploads\/2020\/04\/Solanum-jasminoides.png\"><img loading=\"lazy\" decoding=\"async\" aria-describedby=\"caption-attachment-1259\" class=\"wp-image-1259 size-full\" src=\"http:\/\/www.kizilirmakpeyzaj.com.tr\/wp-content\/uploads\/2020\/04\/Solanum-jasminoides.png\" alt=\"\" width=\"130\" height=\"130\" srcset=\"https:\/\/www.kizilirmakpeyzaj.com.tr\/wp-content\/uploads\/2020\/04\/Solanum-jasminoides.png 130w, https:\/\/www.kizilirmakpeyzaj.com.tr\/wp-content\/uploads\/2020\/04\/Solanum-jasminoides-75x75.png 75w, https:\/\/www.kizilirmakpeyzaj.com.tr\/wp-content\/uploads\/2020\/04\/Solanum-jasminoides-80x80.png 80w, https:\/\/www.kizilirmakpeyzaj.com.tr\/wp-content\/uploads\/2020\/04\/Solanum-jasminoides-100x100.png 100w\" sizes=\"auto, (max-width: 130px) 100vw, 130px\" \/><\/a><p id=\"caption-attachment-1259\" class=\"wp-caption-text\">Wisteria Floribunda<\/p><\/div>\n<p>[\/vc_column_text][\/vc_column][vc_column width=&#8221;1\/6&#8243;][\/vc_column][vc_column width=&#8221;1\/6&#8243;][\/vc_column][vc_column width=&#8221;1\/6&#8243;][\/vc_column][\/vc_row]<\/p>\n","protected":false},"excerpt":{"rendered":"<p>[vc_row][vc_column width=&#8221;1\/6&#8243;][vc_column_text] [\/vc_column_text][\/vc_column][vc_column width=&#8221;1\/6&#8243;][vc_column_text] [\/vc_column_text][\/vc_column][vc_column width=&#8221;1\/6&#8243;][vc_column_text] [\/vc_column_text][\/vc_column][vc_column width=&#8221;1\/6&#8243;][vc_column_text] [\/vc_column_text][\/vc_column][vc_column width=&#8221;1\/6&#8243;][vc_column_text] [\/vc_column_text][\/vc_column][vc_column width=&#8221;1\/6&#8243;][vc_column_text] [\/vc_column_text][\/vc_column][\/vc_row][vc_row][vc_column&hellip;<\/p>\n","protected":false},"author":1,"featured_media":0,"parent":0,"menu_order":0,"comment_status":"closed","ping_status":"closed","template":"","meta":{"footnotes":""},"class_list":["post-1241","page","type-page","status-publish","hentry","no-thumb"],"_links":{"self":[{"href":"https:\/\/www.kizilirmakpeyzaj.com.tr\/index.php\/wp-json\/wp\/v2\/pages\/1241","targetHints":{"allow":["GET"]}}],"collection":[{"href":"https:\/\/www.kizilirmakpeyzaj.com.tr\/index.php\/wp-json\/wp\/v2\/pages"}],"about":[{"href":"https:\/\/www.kizilirmakpeyzaj.com.tr\/index.php\/wp-json\/wp\/v2\/types\/page"}],"author":[{"embeddable":true,"href":"https:\/\/www.kizilirmakpeyzaj.com.tr\/index.php\/wp-json\/wp\/v2\/users\/1"}],"replies":[{"embeddable":true,"href":"https:\/\/www.kizilirmakpeyzaj.com.tr\/index.php\/wp-json\/wp\/v2\/comments?post=1241"}],"version-history":[{"count":4,"href":"https:\/\/www.kizilirmakpeyzaj.com.tr\/index.php\/wp-json\/wp\/v2\/pages\/1241\/revisions"}],"predecessor-version":[{"id":1260,"href":"https:\/\/www.kizilirmakpeyzaj.com.tr\/index.php\/wp-json\/wp\/v2\/pages\/1241\/revisions\/1260"}],"wp:attachment":[{"href":"https:\/\/www.kizilirmakpeyzaj.com.tr\/index.php\/wp-json\/wp\/v2\/media?parent=1241"}],"curies":[{"name":"wp","href":"https:\/\/api.w.org\/{rel}","templated":true}]}}